{"id":5015,"date":"2023-06-03T12:08:55","date_gmt":"2023-06-03T10:08:55","guid":{"rendered":"https:\/\/www.an-na-design.com\/webseite\/?post_type=product&#038;p=5015"},"modified":"2025-09-27T20:36:03","modified_gmt":"2025-09-27T18:36:03","slug":"kissen-unikat-k-90-perlmutt-groesse-30-x-50-cm","status":"publish","type":"product","link":"https:\/\/www.an-na-design.com\/webseite\/produkt\/kissen-unikat-k-90-perlmutt-groesse-30-x-50-cm\/","title":{"rendered":"Kissen-Unikat K 90 Perlmutt, Gr\u00f6\u00dfe 30 x 50 cm"},"content":{"rendered":"<h1>Kissen-Unikat, Design K 90 Perlmutt, Gr\u00f6\u00dfe 30 x 50 cm<\/h1>\n<h2>Das zeichnet Kissen der Serie \u201eUnikate\u201c aus:<\/h2>\n<ul>\n<li>Unikat bedeutet: Dieses Design gibt es nur einmal.<\/li>\n<li>Made in Germany: Unsere Kissen werden in Deutschland gefertigt.<\/li>\n<li>Regionale Herstellung: Design und Fertigung erfolgen regional in einem Umkreis von 40 km. Unsere kurzen Transportwege sparen CO2.<\/li>\n<li>Hohe Qualit\u00e4t: Aufgrund der hochwertigen Materialien und der sorgf\u00e4ltigen Verarbeitung sind Kissen von AN-NA Design besonders lange haltbar.<\/li>\n<li>Zertifikat: Jedes Kissen wird mit einem Zertifikat versendet. Damit garantieren wir, dass es sich um ein Unikat handelt und dass die Fertigung in Deutschland erfolgte.<\/li>\n<\/ul>\n<h3>Farben und Stoffe dieses Kissens:<\/h3>\n<p><strong>Vorderseite:<\/strong> Auf der Vorderseite wurden ein lilafarbener Samtstoff zusammen mit einem t\u00fcrkisfarbenen Seidenstoff verarbeitet. Der Samt ist kurzflorig, je nach Lichteinfall und Strichrichtung changiert er. Dadurch ergeben sich auf den Fotos unterschiedlich hellere Stellen im Stoff.<\/p>\n<p><strong>R\u00fcckseite:<\/strong> Hier wurde eine Baumwollmischung mit einem feinen Karomuster verarbeitet. Die pinkfarbenen Kn\u00f6pfe bestehen aus gef\u00e4rbtem Perlmutt. Die Schlaufen f\u00fcr die Verschl\u00fcsse bestehen aus Viskose-Kordel.<\/p>\n<p><strong>Kn\u00f6pfe:<\/strong> Perlmutt ist ein Naturprodukt, daher weisen die Kn\u00f6pfe Unregelm\u00e4\u00dfigkeiten auf. Um den besonderen Charakter meiner Kissen-Designs zu unterstreichen, habe ich mich f\u00fcr Kn\u00f6pfe aus Naturmaterialien entschieden.<\/p>\n<p>&nbsp;<\/p>\n<p><strong><em>Hinweis:<\/em><\/strong><em> Der Preis gilt ausschlie\u00dflich f\u00fcr die Kissen-H\u00fclle. Passende Inletts gibt es ebenfalls hier bei AN-NA Design.<\/em><\/p>\n<p><strong>Kennzeichnung<\/strong> nach der EU-Textilkennzeichnungsverordnung: Diverse Faserarten<\/p>\n<p>&nbsp;<\/p>\n<p>&nbsp;<\/p>\n<p>&nbsp;<\/p>\n","protected":false},"excerpt":{"rendered":"<p>Exklusives Designer Kissen von AN-NA Design. Einzelst\u00fcck. Gr\u00f6\u00dfe <strong>30 x 50<\/strong> cm. Handgefertigt in Deutschland.<\/p>\n<p><strong>Unikate f\u00fcr Individualisten<\/strong><\/p>\n","protected":false},"featured_media":5262,"template":"","meta":[],"product_brand":[],"product_cat":[15,78],"product_tag":[193,199],"class_list":{"0":"post-5015","1":"product","2":"type-product","3":"status-publish","4":"has-post-thumbnail","6":"product_cat-alle-kissen","7":"product_cat-kissen-unikate-30_x50_cm","8":"product_tag-30-x-50-cm","9":"product_tag-alle-groessen","10":"product_shipping_class-versand_kissen","12":"first","13":"instock","14":"sold-individually","15":"taxable","16":"shipping-taxable","17":"purchasable","18":"product-type-simple"},"_links":{"self":[{"href":"https:\/\/www.an-na-design.com\/webseite\/wp-json\/wp\/v2\/product\/5015","targetHints":{"allow":["GET"]}}],"collection":[{"href":"https:\/\/www.an-na-design.com\/webseite\/wp-json\/wp\/v2\/product"}],"about":[{"href":"https:\/\/www.an-na-design.com\/webseite\/wp-json\/wp\/v2\/types\/product"}],"wp:featuredmedia":[{"embeddable":true,"href":"https:\/\/www.an-na-design.com\/webseite\/wp-json\/wp\/v2\/media\/5262"}],"wp:attachment":[{"href":"https:\/\/www.an-na-design.com\/webseite\/wp-json\/wp\/v2\/media?parent=5015"}],"wp:term":[{"taxonomy":"product_brand","embeddable":true,"href":"https:\/\/www.an-na-design.com\/webseite\/wp-json\/wp\/v2\/product_brand?post=5015"},{"taxonomy":"product_cat","embeddable":true,"href":"https:\/\/www.an-na-design.com\/webseite\/wp-json\/wp\/v2\/product_cat?post=5015"},{"taxonomy":"product_tag","embeddable":true,"href":"https:\/\/www.an-na-design.com\/webseite\/wp-json\/wp\/v2\/product_tag?post=5015"}],"curies":[{"name":"wp","href":"https:\/\/api.w.org\/{rel}","templated":true}]}}