{"id":4356,"date":"2022-01-22T12:00:32","date_gmt":"2022-01-22T11:00:32","guid":{"rendered":"https:\/\/www.an-na-design.com\/webseite\/?post_type=product&#038;p=4356"},"modified":"2025-11-30T18:02:13","modified_gmt":"2025-11-30T17:02:13","slug":"kissen-40-x-50-cm-serie-limited-editions-ltd-d4","status":"publish","type":"product","link":"https:\/\/www.an-na-design.com\/webseite\/produkt\/kissen-40-x-50-cm-serie-limited-editions-ltd-d4\/","title":{"rendered":"Kissen 40 x 50 cm, Serie Limited Editions &#8211; LTD-D4"},"content":{"rendered":"<h1>Serie Limited Editions, Design LTD-D4, Gr\u00f6\u00dfe 40 x 50 cm<\/h1>\n<h2>Das zeichnet Kissen der Serie Limited Editions aus:<\/h2>\n<ul>\n<li>Limited Edition bedeutet: Dieses Design ist limitiert auf maximal 100 St\u00fcck.<\/li>\n<li>Made in Germany: Unsere Kissen werden in Deutschland gefertigt.<\/li>\n<li>Regionale Herstellung: Design und Fertigung erfolgen regional in einem Umkreis von 40 km. Unsere kurzen Transportwege sparen CO2.<\/li>\n<li>Hohe Qualit\u00e4t: Aufgrund der hochwertigen Materialien und der sorgf\u00e4ltigen Verarbeitung sind Kissen von AN-NA Design besonders lange haltbar.<\/li>\n<li>Zertifikat: Jedes Kissen wird mit einem Zertifikat versendet. Damit wird garantiert, dass es sich um ein limitiertes Design handelt und dass die Fertigung in Deutschland erfolgte.<\/li>\n<\/ul>\n<h3>Farben und Stoffe dieses Kissens:<\/h3>\n<p><strong>Vorderseite:<\/strong> Die Stoffe auf der rechten und linken Kissen-Seite sind Woll-Tuchstoffe der deutschen Tuchfabrik Mehler. Die beiden Stoffe sind leicht meliert und haben einen festen und dennoch weichen Griff.<\/p>\n<p>Der Interieur-Stoff in der Mitte wurde von Voghi in Como\/Italien gewebt. Er ist in Gr\u00fcn und Rot gehalten. Das Gr\u00fcn tendiert zu einem Maigr\u00fcn, das Rot zu einem Bordeauxrot mit einem ganz leichten Pink-Stich.<\/p>\n<p><strong>R\u00fcckseite:<\/strong> Hier wurde eine Baumwollmischung in einem etwas changierenden Khaki-Mittelbraun verarbeitet, auf dem die gr\u00fcnen Kokos-Kn\u00f6pfe gut zur Geltung kommen.<\/p>\n<p><strong>Kn\u00f6pfe:<\/strong> Kokos ist ein Naturprodukt, daher ist die F\u00e4rbung der Kokos-Kn\u00f6pfe unregelm\u00e4\u00dfiger als bei Kunststoffkn\u00f6pfen. Um den besonderen Charakter unserer Kissen zu unterstreichen, haben wir uns f\u00fcr Kn\u00f6pfe aus Naturmaterialien entschieden, die nicht abf\u00e4rben.<\/p>\n<p>&nbsp;<\/p>\n<p><strong><em>Hinweis:<\/em><\/strong><em> Der Preis gilt ausschlie\u00dflich f\u00fcr die Kissen-H\u00fclle. Passende Inletts gibt es ebenfalls hier bei AN-NA Design.<\/em><\/p>\n<p><strong>Kennzeichnung<\/strong> nach der EU-Textilkennzeichnungsverordnung: Diverse Faserarten<\/p>\n<p>&nbsp;<\/p>\n","protected":false},"excerpt":{"rendered":"<p>Exklusives Designer Kissen von AN-NA Design. <strong>Gr\u00f6\u00dfe 40 x 50 cm<\/strong>. Handgefertigt in Deutschland.<\/p>\n<p>Limited Edition bedeutet: Es wird nur eine begrenzte Auflage von maximal 100 St\u00fcck je Design gefertigt.<\/p>\n","protected":false},"featured_media":6404,"template":"","meta":[],"product_brand":[],"product_cat":[15,80],"product_tag":[192,199],"class_list":{"0":"post-4356","1":"product","2":"type-product","3":"status-publish","4":"has-post-thumbnail","6":"product_cat-alle-kissen","7":"product_cat-limited-edition-kissen-an-na-design","8":"product_tag-40-x-50-cm","9":"product_tag-alle-groessen","10":"product_shipping_class-versand_kissen","12":"first","13":"instock","14":"taxable","15":"shipping-taxable","16":"purchasable","17":"product-type-simple"},"_links":{"self":[{"href":"https:\/\/www.an-na-design.com\/webseite\/wp-json\/wp\/v2\/product\/4356","targetHints":{"allow":["GET"]}}],"collection":[{"href":"https:\/\/www.an-na-design.com\/webseite\/wp-json\/wp\/v2\/product"}],"about":[{"href":"https:\/\/www.an-na-design.com\/webseite\/wp-json\/wp\/v2\/types\/product"}],"wp:featuredmedia":[{"embeddable":true,"href":"https:\/\/www.an-na-design.com\/webseite\/wp-json\/wp\/v2\/media\/6404"}],"wp:attachment":[{"href":"https:\/\/www.an-na-design.com\/webseite\/wp-json\/wp\/v2\/media?parent=4356"}],"wp:term":[{"taxonomy":"product_brand","embeddable":true,"href":"https:\/\/www.an-na-design.com\/webseite\/wp-json\/wp\/v2\/product_brand?post=4356"},{"taxonomy":"product_cat","embeddable":true,"href":"https:\/\/www.an-na-design.com\/webseite\/wp-json\/wp\/v2\/product_cat?post=4356"},{"taxonomy":"product_tag","embeddable":true,"href":"https:\/\/www.an-na-design.com\/webseite\/wp-json\/wp\/v2\/product_tag?post=4356"}],"curies":[{"name":"wp","href":"https:\/\/api.w.org\/{rel}","templated":true}]}}