{"id":4112,"date":"2020-01-31T17:29:01","date_gmt":"2020-01-31T16:29:01","guid":{"rendered":"https:\/\/an-na-design.com\/webseite\/?post_type=product&#038;p=4112"},"modified":"2025-06-21T13:09:20","modified_gmt":"2025-06-21T11:09:20","slug":"exklusives-kissen-objekt-von-an-na-design-handbemalt-groesse-30-x-50","status":"publish","type":"product","link":"https:\/\/www.an-na-design.com\/webseite\/produkt\/exklusives-kissen-objekt-von-an-na-design-handbemalt-groesse-30-x-50\/","title":{"rendered":"Kunst-Kissen K 63 Kokos, Gr\u00f6\u00dfe 30 x 50 cm"},"content":{"rendered":"<h5><strong>Exklusives Kissen-Objekt von AN-NA-Design, handbedruckt und -bemalt. Gr\u00f6\u00dfe 30 x 50, K 63 Kokos<\/strong><\/h5>\n<h3><strong>Das zeichnet Kissen-Objekte von AN-NA Design aus:<\/strong><\/h3>\n<ul>\n<li>Kissen-Objekte sind Unikate, die handbemalt, bedruckt und teilweise bestickt sind.<\/li>\n<li>Made in Germany: Unsere Kissen werden in Deutschland handgefertigt.<\/li>\n<li>Das besondere Geschenk: Exklusive Kissen f\u00fcr ein individuelles Wohngef\u00fchl.<\/li>\n<li>Regionale Fertigung, CO2-sparend: Design und Fertigung erfolgen in einem Umkreis von 40 km.<\/li>\n<li>Hochwertige Qualit\u00e4t: Alle Materialien werden sorgf\u00e4ltig ausgew\u00e4hlt. Dadurch sind unsere Kissen lange haltbar.<\/li>\n<li>Sorgf\u00e4ltige Verarbeitung: Jedes Kissen wird einzeln angefertigt.<\/li>\n<li>Zertifikat: Jedes Kissen wird mit einem Zertifikat versendet. Damit wird garantiert, dass es sich um ein Unikat handelt und dass die Fertigung in Deutschland erfolgte.<\/li>\n<\/ul>\n<h3><strong>Farben und Stoffe dieses Kissens<\/strong><\/h3>\n<p><strong>Vorderseite:<\/strong> Diese Vorderseite eines Kissen-Unikats von AN-NA Design wurde handbedruckt und bemalt. Ich habe in Mischtechnik gearbeitet, unter Verwendung von Stoff-Farben, Acryl- und Aquarellfarben und Aquarellkreiden.<\/p>\n<p>Die Vorderseite besteht aus 4 verschiedenen Stoffen in Lila, verschiedenen Gelbgr\u00fcn- und Gr\u00fcnt\u00f6nen sowie Gelb. Es handelt sich um eine Seidenmischung, Baumwollstoffe und einen samtartigen Interieurstoff, eine Baumwollmischung. Es wurden Interieurstoffe mit Kleiderstoffen kombiniert.<\/p>\n<p><strong>R\u00fcckseite:<\/strong> Der samtige Stoff hat einen gr\u00fcngelben Farbton, der die Farbgebung der Vorderseite aufgreift.<\/p>\n<p><strong>Kn\u00f6pfe:<\/strong> Wie alle Kissen von AN-NA Design hat auch dieses einen Verschluss aus 3 Kn\u00f6pfen mit Schlaufen. Hier sind es Kokoskn\u00f6pfe in Lila. Kokos ist ein Naturprodukt, daher ist die F\u00e4rbung der Kokos-Kn\u00f6pfe unregelm\u00e4\u00dfiger als bei Kunststoffkn\u00f6pfen, was den besonderen Charakter unserer Kissen unterstreicht. AN-NA Design verwendet Kn\u00f6pfe aus Naturmaterialien, die nicht abf\u00e4rben. Sie sind gef\u00e4rbt, teilweise emailliert oder glasiert.<\/p>\n<p>Die Schlaufen f\u00fcr die Verschl\u00fcsse bestehen aus Viskose-Kordel.<\/p>\n<p>Als K\u00fcnstlerin habe ich eine ausgepr\u00e4gte Affinit\u00e4t zu Farb-, Muster- und Materialmix. Meine Vorliebe daf\u00fcr lasse ich in jedes meiner Kissen-Objekte und Unikate einflie\u00dfen. Dazu passen am besten au\u00dfergew\u00f6hnliche Kissen-Formate.<\/p>\n<p>&nbsp;<\/p>\n<p><em><strong>Pflegehinweis:<\/strong> Das Kissen kann aufgrund des handbemalten Farbauftrags nicht gewaschen oder gereinigt werden.<\/em><\/p>\n<p><strong>Hinweis:<\/strong><em> Der Preis f\u00fcr die Kissen-Objekte gilt inklusive Inlett. Das Inlett hat eine Federf\u00fcllung.<br \/>\n<\/em><\/p>\n<p><strong>Kennzeichnung<\/strong> nach der EU-Textilkennzeichnungsverordnung: Diverse Faserarten.<\/p>\n","protected":false},"excerpt":{"rendered":"<p>Exklusives Kissen-Objekt von AN-NA Design. <strong>Gr\u00f6\u00dfe 30 x 50 cm<\/strong>. Handgefertigt in Deutschland. Das Kissen wurde handbemalt und bedruckt. Es handelt sich um ein Unikat.<\/p>\n","protected":false},"featured_media":4113,"template":"","meta":[],"product_brand":[],"product_cat":[15,233,78],"product_tag":[193,199],"class_list":{"0":"post-4112","1":"product","2":"type-product","3":"status-publish","4":"has-post-thumbnail","6":"product_cat-alle-kissen","7":"product_cat-exklusive-kissen-objekte-von-an-na-design-handbedruckt-und-bemalt","8":"product_cat-kissen-unikate-30_x50_cm","9":"product_tag-30-x-50-cm","10":"product_tag-alle-groessen","11":"product_shipping_class-versand_kissen","13":"first","14":"instock","15":"sold-individually","16":"taxable","17":"shipping-taxable","18":"purchasable","19":"product-type-simple"},"_links":{"self":[{"href":"https:\/\/www.an-na-design.com\/webseite\/wp-json\/wp\/v2\/product\/4112","targetHints":{"allow":["GET"]}}],"collection":[{"href":"https:\/\/www.an-na-design.com\/webseite\/wp-json\/wp\/v2\/product"}],"about":[{"href":"https:\/\/www.an-na-design.com\/webseite\/wp-json\/wp\/v2\/types\/product"}],"wp:featuredmedia":[{"embeddable":true,"href":"https:\/\/www.an-na-design.com\/webseite\/wp-json\/wp\/v2\/media\/4113"}],"wp:attachment":[{"href":"https:\/\/www.an-na-design.com\/webseite\/wp-json\/wp\/v2\/media?parent=4112"}],"wp:term":[{"taxonomy":"product_brand","embeddable":true,"href":"https:\/\/www.an-na-design.com\/webseite\/wp-json\/wp\/v2\/product_brand?post=4112"},{"taxonomy":"product_cat","embeddable":true,"href":"https:\/\/www.an-na-design.com\/webseite\/wp-json\/wp\/v2\/product_cat?post=4112"},{"taxonomy":"product_tag","embeddable":true,"href":"https:\/\/www.an-na-design.com\/webseite\/wp-json\/wp\/v2\/product_tag?post=4112"}],"curies":[{"name":"wp","href":"https:\/\/api.w.org\/{rel}","templated":true}]}}