{"id":4089,"date":"2020-04-26T14:29:27","date_gmt":"2020-04-26T12:29:27","guid":{"rendered":"https:\/\/an-na-design.com\/webseite\/?post_type=product&#038;p=4089"},"modified":"2025-07-27T14:26:05","modified_gmt":"2025-07-27T12:26:05","slug":"kissen-unikat-g-71-kokos-groesse-40-x-60-cm","status":"publish","type":"product","link":"https:\/\/www.an-na-design.com\/webseite\/produkt\/kissen-unikat-g-71-kokos-groesse-40-x-60-cm\/","title":{"rendered":"Kissen-Unikat G 71 Kokos, Gr\u00f6\u00dfe 40 x 60 cm"},"content":{"rendered":"<h1>Kissen-Unikat, Design G 71 Kokos, Gr\u00f6\u00dfe 40 x 60 cm<strong><br \/>\n<\/strong><\/h1>\n<h2>Das zeichnet Kissen der Serie \u201eUnikate\u201c aus:<\/h2>\n<ul>\n<li>Unikat bedeutet: Dieses Design gibt es nur einmal.<\/li>\n<li>Made in Germany: Unsere Kissen werden in Deutschland gefertigt.<\/li>\n<li>Regionale Herstellung: Design und Fertigung erfolgen regional in einem Umkreis von 40 km. Unsere kurzen Transportwege sparen CO2.<\/li>\n<li>Hohe Qualit\u00e4t: Aufgrund der hochwertigen Materialien und der sorgf\u00e4ltigen Verarbeitung sind Kissen von AN-NA Design besonders lange haltbar.<\/li>\n<li>Zertifikat: Jedes Kissen wird mit einem Zertifikat versendet. Damit garantieren wir, dass es sich um ein Unikat handelt und dass die Fertigung in Deutschland erfolgte.<\/li>\n<\/ul>\n<h3>Farben und Stoffe dieses Kissens:<\/h3>\n<p>Auf der <strong>Vorderseite<\/strong> wurden drei verschiedene Stoffe miteinander verarbeitet, alle haben einen Samt-Charakter. Rechts und links aussen wurde ein Stoff gew\u00e4hlt in einem intensiven T\u00fcrkis-Blau. Der Stoff links daneben wurde aus einem blauen und einem gelben Faden gewebt, daher ist die Oberfl\u00e4che blau und der Untergrund gelb. Der blaue Samt auf der Oberfl\u00e4che bildet ein kleines grafisches Muster. Der gelbe Stoff wurde ebenfalls aus einem blauen und einem gelben Faden gewebt. Hier ist die Oberfl\u00e4che gelb und der Untergrund blau. Der Untergrund schimmert durch den kurzflorigen Samt, so dass der Stoff etwas changiert und je nach Lichteinfall den Farbton \u00e4ndert. Das Gelb der Oberfl\u00e4che wirkt etwas transparent.<\/p>\n<p>Die <strong>R\u00fcckseite<\/strong> besteht aus einem wollwei\u00dfen Jacquardstoff, der in sich gemustert ist. Die gelben Kokoskn\u00f6pfe greifen die Farbgebung der Vorderseite auf.<\/p>\n<p><strong>Kn\u00f6pfe: <\/strong>Kokos ist ein Naturprodukt, daher ist die F\u00e4rbung der Kokos-Kn\u00f6pfe unregelm\u00e4\u00dfiger als bei Kunststoffkn\u00f6pfen. Um den besonderen Charakter unserer Kissen zu unterstreichen, haben wir uns f\u00fcr Kn\u00f6pfe aus Naturmaterialien entschieden, die nicht abf\u00e4rben.<\/p>\n<p>&nbsp;<\/p>\n<p><strong><em>Hinweis:<\/em><\/strong><em> Der Preis gilt ausschlie\u00dflich f\u00fcr die Kissen-H\u00fclle. Passende Inletts gibt es ebenfalls hier bei AN-NA Design.<\/em><\/p>\n<p><strong>Kennzeichnung<\/strong> nach der EU-Textilkennzeichnungsverordnung: Diverse Faserarten<\/p>\n","protected":false},"excerpt":{"rendered":"<p>Exklusives Designer Kissen von AN-NA Design, handgefertigt in Deutschland. Gr\u00f6\u00dfe 40 x 60 cm, Querformat.<\/p>\n<p><strong>Unikate f\u00fcr Individualisten<\/strong><\/p>\n","protected":false},"featured_media":4090,"template":"","meta":[],"product_brand":[],"product_cat":[15,77],"product_tag":[185,199],"class_list":{"0":"post-4089","1":"product","2":"type-product","3":"status-publish","4":"has-post-thumbnail","6":"product_cat-alle-kissen","7":"product_cat-kissen-unikate-40x60-cm","8":"product_tag-40-x-60-cm","9":"product_tag-alle-groessen","10":"product_shipping_class-versand_kissen","12":"first","13":"instock","14":"sold-individually","15":"taxable","16":"shipping-taxable","17":"purchasable","18":"product-type-simple"},"_links":{"self":[{"href":"https:\/\/www.an-na-design.com\/webseite\/wp-json\/wp\/v2\/product\/4089","targetHints":{"allow":["GET"]}}],"collection":[{"href":"https:\/\/www.an-na-design.com\/webseite\/wp-json\/wp\/v2\/product"}],"about":[{"href":"https:\/\/www.an-na-design.com\/webseite\/wp-json\/wp\/v2\/types\/product"}],"wp:featuredmedia":[{"embeddable":true,"href":"https:\/\/www.an-na-design.com\/webseite\/wp-json\/wp\/v2\/media\/4090"}],"wp:attachment":[{"href":"https:\/\/www.an-na-design.com\/webseite\/wp-json\/wp\/v2\/media?parent=4089"}],"wp:term":[{"taxonomy":"product_brand","embeddable":true,"href":"https:\/\/www.an-na-design.com\/webseite\/wp-json\/wp\/v2\/product_brand?post=4089"},{"taxonomy":"product_cat","embeddable":true,"href":"https:\/\/www.an-na-design.com\/webseite\/wp-json\/wp\/v2\/product_cat?post=4089"},{"taxonomy":"product_tag","embeddable":true,"href":"https:\/\/www.an-na-design.com\/webseite\/wp-json\/wp\/v2\/product_tag?post=4089"}],"curies":[{"name":"wp","href":"https:\/\/api.w.org\/{rel}","templated":true}]}}