{"id":3946,"date":"2019-03-14T09:58:34","date_gmt":"2019-03-14T08:58:34","guid":{"rendered":"https:\/\/an-na-design.com\/webseite\/?post_type=product&#038;p=3946"},"modified":"2025-07-27T15:10:56","modified_gmt":"2025-07-27T13:10:56","slug":"kissen-unikat-d-38-perlmutt-groesse-40-x-50-cm","status":"publish","type":"product","link":"https:\/\/www.an-na-design.com\/webseite\/produkt\/kissen-unikat-d-38-perlmutt-groesse-40-x-50-cm\/","title":{"rendered":"Kissen-Unikat D 38 Perlmutt, Gr\u00f6\u00dfe 40 x 50 cm"},"content":{"rendered":"<h1>Kissen-Unikat, Design D 38 Perlmutt, Gr\u00f6\u00dfe 40 x 50 cm<strong><br \/>\n<\/strong><\/h1>\n<h2>Das zeichnet Kissen der Serie \u201eUnikate\u201c aus:<\/h2>\n<ul>\n<li>Unikat bedeutet: Dieses Design gibt es nur einmal.<\/li>\n<li>Made in Germany: Unsere Kissen werden in Deutschland gefertigt.<\/li>\n<li>Regionale Herstellung: Design und Fertigung erfolgen regional in einem Umkreis von 40 km. Unsere kurzen Transportwege sparen CO2.<\/li>\n<li>Hohe Qualit\u00e4t: Aufgrund der hochwertigen Materialien und der sorgf\u00e4ltigen Verarbeitung sind Kissen von AN-NA Design besonders lange haltbar.<\/li>\n<li>Zertifikat: Jedes Kissen wird mit einem Zertifikat versendet. Damit garantieren wir, dass es sich um ein Unikat handelt und dass die Fertigung in Deutschland erfolgte.<\/li>\n<\/ul>\n<h3>Farben und Stoffe dieses Kissens:<\/h3>\n<p>Die <strong>Vorderseite<\/strong> wurde aus drei verschiedenen Stoffen gearbeitet. Es wurden Stoffe in harmonisierenden Gelb- Orange- und Kupfert\u00f6nen gew\u00e4hlt. Der mittlere Stoff ist ein Jacquard-Gewebe in Orange und Wei\u00df. Einige der verwendeten Stoffe haben einen Seidenanteil und sind \u2013 wie Naturseide \u2013 etwas unregelm\u00e4\u00dfig gewebt.<\/p>\n<p><strong>R\u00fcckseite:<\/strong> Der Stoff der R\u00fcckseite besteht aus einem dezent grau-melierten Mischgewebe, auf dem die roten Perlmutt-Kn\u00f6pfe des Verschlusses gut zur Geltung kommen.<\/p>\n<p><strong>Kn\u00f6pfe:<\/strong> Perlmutt ist ein Naturprodukt, daher sind F\u00e4rbung und Form der Perlmutt-Kn\u00f6pfe unregelm\u00e4\u00dfiger als bei Kunststoffkn\u00f6pfen. Um den besonderen Charakter unserer Kissen zu unterstreichen, haben wir uns f\u00fcr Kn\u00f6pfe aus Naturmaterialien entschieden, die nicht abf\u00e4rben.<\/p>\n<p>&nbsp;<\/p>\n<p><strong><em>Hinweis:<\/em><\/strong><em> Der Preis gilt ausschlie\u00dflich f\u00fcr die Kissen-H\u00fclle. Passende Inletts gibt es ebenfalls hier bei AN-NA Design.<\/em><\/p>\n<p><strong>Kennzeichnung<\/strong> nach der EU-Textilkennzeichnungsverordnung: Diverse Faserarten<\/p>\n<p>&nbsp;<\/p>\n<p>&nbsp;<\/p>\n","protected":false},"excerpt":{"rendered":"<p>Exklusives Designer Kissen von AN-NA Design. Einzelanfertigung. Gr\u00f6\u00dfe <strong>40 x 50<\/strong> cm. Handgefertigt in Deutschland.<\/p>\n<p><strong>Unikate f\u00fcr Individualisten<\/strong><\/p>\n","protected":false},"featured_media":3950,"template":"","meta":[],"product_brand":[],"product_cat":[15,81],"product_tag":[192,199],"class_list":{"0":"post-3946","1":"product","2":"type-product","3":"status-publish","4":"has-post-thumbnail","6":"product_cat-alle-kissen","7":"product_cat-kissen-unikate-40x50-cm","8":"product_tag-40-x-50-cm","9":"product_tag-alle-groessen","10":"product_shipping_class-versand_kissen","12":"first","13":"instock","14":"sale","15":"sold-individually","16":"taxable","17":"shipping-taxable","18":"purchasable","19":"product-type-simple"},"_links":{"self":[{"href":"https:\/\/www.an-na-design.com\/webseite\/wp-json\/wp\/v2\/product\/3946","targetHints":{"allow":["GET"]}}],"collection":[{"href":"https:\/\/www.an-na-design.com\/webseite\/wp-json\/wp\/v2\/product"}],"about":[{"href":"https:\/\/www.an-na-design.com\/webseite\/wp-json\/wp\/v2\/types\/product"}],"wp:featuredmedia":[{"embeddable":true,"href":"https:\/\/www.an-na-design.com\/webseite\/wp-json\/wp\/v2\/media\/3950"}],"wp:attachment":[{"href":"https:\/\/www.an-na-design.com\/webseite\/wp-json\/wp\/v2\/media?parent=3946"}],"wp:term":[{"taxonomy":"product_brand","embeddable":true,"href":"https:\/\/www.an-na-design.com\/webseite\/wp-json\/wp\/v2\/product_brand?post=3946"},{"taxonomy":"product_cat","embeddable":true,"href":"https:\/\/www.an-na-design.com\/webseite\/wp-json\/wp\/v2\/product_cat?post=3946"},{"taxonomy":"product_tag","embeddable":true,"href":"https:\/\/www.an-na-design.com\/webseite\/wp-json\/wp\/v2\/product_tag?post=3946"}],"curies":[{"name":"wp","href":"https:\/\/api.w.org\/{rel}","templated":true}]}}