{"id":3928,"date":"2020-03-11T08:47:37","date_gmt":"2020-03-11T07:47:37","guid":{"rendered":"https:\/\/an-na-design.com\/webseite\/?post_type=product&#038;p=3928"},"modified":"2025-07-28T18:34:04","modified_gmt":"2025-07-28T16:34:04","slug":"kissen-unikat-k-67-kokos-30x50-cm","status":"publish","type":"product","link":"https:\/\/www.an-na-design.com\/webseite\/produkt\/kissen-unikat-k-67-kokos-30x50-cm\/","title":{"rendered":"Kissen-Unikat K 67 Kokos, Gr\u00f6\u00dfe 30 x 50 cm"},"content":{"rendered":"<h1>Kissen-Unikat, Design K 67 Kokos, Gr\u00f6\u00dfe 30 x 50 cm<strong><br \/>\n<\/strong><\/h1>\n<h2>Das zeichnet Kissen der Serie \u201eUnikate\u201c aus:<\/h2>\n<ul>\n<li>Unikat bedeutet: Dieses Design gibt es nur einmal.<\/li>\n<li>Made in Germany: Unsere Kissen werden in Deutschland gefertigt.<\/li>\n<li>Regionale Herstellung: Design und Fertigung erfolgen regional in einem Umkreis von 40 km. Unsere kurzen Transportwege sparen CO2.<\/li>\n<li>Hohe Qualit\u00e4t: Aufgrund der hochwertigen Materialien und der sorgf\u00e4ltigen Verarbeitung sind Kissen von AN-NA Design besonders lange haltbar.<\/li>\n<li>Zertifikat: Jedes Kissen wird mit einem Zertifikat versendet. Damit garantieren wir, dass es sich um ein Unikat handelt und dass die Fertigung in Deutschland erfolgte.<\/li>\n<\/ul>\n<h3>Farben und Stoffe dieses Kissens:<\/h3>\n<p><strong>Vorderseite:<\/strong> An der linken und rechten Seite des Vorderteils wurde ein Baumwollstoff in einem dunklen Lila verarbeitet. Links schlie\u00dft sich ein Seidenstoff an, in einem intensiven, dunklen T\u00fcrkis- bzw. Gr\u00fcnblau-Ton. Die Seide changiert etwas und hat eine leicht unregelm\u00e4\u00dfige Webstruktur. Der mittlere Stoff erinnert von der Webart an einen samtigen Ausbrenner, in den Farben T\u00fcrkis bzw. Blaugr\u00fcn mit einem dezenten T\u00fcrkisgrau in den Samtfasern.<\/p>\n<p>Durch den Farbkontrast und das leuchtende T\u00fcrkis bringt das Kissen eine positive Stimmung in in Ihre Wohnr\u00e4ume.<\/p>\n<p><strong>R\u00fcckseite:<\/strong> Der Stoff hat ein feines Muster in Hellgrau und Schwarz, ein sogenanntes Salz-und-Pfeffer-Muster. Darauf kommen die glasierten Kokos-Kn\u00f6pfe gut zur Geltung, die mit ihrem T\u00fcrkis die Farbe der Vorderseite aufgreifen.<\/p>\n<p><strong>Kn\u00f6pfe:<\/strong> Kokos ist ein Naturprodukt, daher ist die F\u00e4rbung der Kokos-Kn\u00f6pfe unregelm\u00e4\u00dfiger als bei Kunststoffkn\u00f6pfen. Um den besonderen Charakter unserer Kissen zu unterstreichen, haben wir uns f\u00fcr Kn\u00f6pfe aus Naturmaterialien entschieden, die nicht abf\u00e4rben.<\/p>\n<p>&nbsp;<\/p>\n<p><strong><em>Hinweis:<\/em><\/strong><em> Der Preis gilt ausschlie\u00dflich f\u00fcr die Kissen-H\u00fclle. Passende Inletts gibt es ebenfalls hier bei AN-NA Design.<\/em><\/p>\n<p><strong>Kennzeichnung<\/strong> nach der EU-Textilkennzeichnungsverordnung: Diverse Faserarten<\/p>\n","protected":false},"excerpt":{"rendered":"<p>Exklusives Designer Kissen von AN-NA Design. Einzelst\u00fcck. Gr\u00f6\u00dfe <strong>30 x 50<\/strong> cm. Handgefertigt in Deutschland.<\/p>\n<p><strong>Unikate f\u00fcr Individualisten<\/strong><\/p>\n","protected":false},"featured_media":3933,"template":"","meta":[],"product_brand":[],"product_cat":[15,78],"product_tag":[193,199],"class_list":{"0":"post-3928","1":"product","2":"type-product","3":"status-publish","4":"has-post-thumbnail","6":"product_cat-alle-kissen","7":"product_cat-kissen-unikate-30_x50_cm","8":"product_tag-30-x-50-cm","9":"product_tag-alle-groessen","10":"product_shipping_class-versand_kissen","12":"first","13":"instock","14":"sold-individually","15":"taxable","16":"shipping-taxable","17":"purchasable","18":"product-type-simple"},"_links":{"self":[{"href":"https:\/\/www.an-na-design.com\/webseite\/wp-json\/wp\/v2\/product\/3928","targetHints":{"allow":["GET"]}}],"collection":[{"href":"https:\/\/www.an-na-design.com\/webseite\/wp-json\/wp\/v2\/product"}],"about":[{"href":"https:\/\/www.an-na-design.com\/webseite\/wp-json\/wp\/v2\/types\/product"}],"wp:featuredmedia":[{"embeddable":true,"href":"https:\/\/www.an-na-design.com\/webseite\/wp-json\/wp\/v2\/media\/3933"}],"wp:attachment":[{"href":"https:\/\/www.an-na-design.com\/webseite\/wp-json\/wp\/v2\/media?parent=3928"}],"wp:term":[{"taxonomy":"product_brand","embeddable":true,"href":"https:\/\/www.an-na-design.com\/webseite\/wp-json\/wp\/v2\/product_brand?post=3928"},{"taxonomy":"product_cat","embeddable":true,"href":"https:\/\/www.an-na-design.com\/webseite\/wp-json\/wp\/v2\/product_cat?post=3928"},{"taxonomy":"product_tag","embeddable":true,"href":"https:\/\/www.an-na-design.com\/webseite\/wp-json\/wp\/v2\/product_tag?post=3928"}],"curies":[{"name":"wp","href":"https:\/\/api.w.org\/{rel}","templated":true}]}}