{"id":3788,"date":"2021-09-21T19:27:21","date_gmt":"2021-09-21T17:27:21","guid":{"rendered":"https:\/\/an-na-design.com\/webseite\/?post_type=product&#038;p=3788"},"modified":"2025-08-30T19:09:43","modified_gmt":"2025-08-30T17:09:43","slug":"kissen-unikat-g45-kokos","status":"publish","type":"product","link":"https:\/\/www.an-na-design.com\/webseite\/produkt\/kissen-unikat-g45-kokos\/","title":{"rendered":"Kissen-Unikat G 45 Kokos, Gr\u00f6\u00dfe 40 x 60 cm"},"content":{"rendered":"<h1>Kissen-Unikat, Design G 45 Kokos, Gr\u00f6\u00dfe 40 x 60 cm<strong><br \/>\n<\/strong><\/h1>\n<h2>Das zeichnet Kissen der Serie \u201eUnikate\u201c aus:<\/h2>\n<ul>\n<li>Unikat bedeutet: Dieses Design gibt es nur einmal.<\/li>\n<li>Made in Germany: Unsere Kissen werden in Deutschland gefertigt.<\/li>\n<li>Regionale Herstellung: Design und Fertigung erfolgen regional in einem Umkreis von 40 km. Unsere kurzen Transportwege sparen CO2.<\/li>\n<li>Hohe Qualit\u00e4t: Aufgrund der hochwertigen Materialien und der sorgf\u00e4ltigen Verarbeitung sind Kissen von AN-NA Design besonders lange haltbar.<\/li>\n<li>Zertifikat: Jedes Kissen wird mit einem Zertifikat versendet. Damit garantieren wir, dass es sich um ein Unikat handelt und dass die Fertigung in Deutschland erfolgte.<\/li>\n<\/ul>\n<h2><strong>Farben und Stoffe dieses Kissens:<\/strong><\/h2>\n<p>Die <strong>Vorderseite<\/strong> wurde aus drei verschiedenen Stoffen gearbeitet. Es wurden Stoffe in harmonisierenden Gelb- Orange- und Rott\u00f6nen gew\u00e4hlt.<\/p>\n<p><strong>R\u00fcckseite:<\/strong> Der Stoff der R\u00fcckseite besteht aus einer karierten Wollmischung in den Farben Grau, Schwarz, Blau und Wei\u00df. Die gelben Kokos-Kn\u00f6pfe greifen die Farbgebung der Vorderseite auf.<\/p>\n<p><strong>Kn\u00f6pfe: <\/strong>Kokos ist ein Naturprodukt, daher ist die F\u00e4rbung der Kokos-Kn\u00f6pfe unregelm\u00e4\u00dfiger als bei Kunststoffkn\u00f6pfen. Um den besonderen Charakter unserer Kissen zu unterstreichen, haben wir uns f\u00fcr Kn\u00f6pfe aus Naturmaterialien entschieden, die nicht abf\u00e4rben.<\/p>\n<p>&nbsp;<\/p>\n<p><strong><em>Hinweis:<\/em><\/strong><em> Der Preis gilt ausschlie\u00dflich f\u00fcr die Kissen-H\u00fclle. Passende Inletts gibt es ebenfalls hier bei AN-NA Design.<\/em><\/p>\n<p><strong>Kennzeichnung<\/strong> nach der EU-Textilkennzeichnungsverordnung: Diverse Faserarten.<\/p>\n","protected":false},"excerpt":{"rendered":"<p>Exklusives Designer Kissen von AN-NA Design. Einzelst\u00fcck. Gr\u00f6\u00dfe <strong>40 x 60<\/strong> cm. Handgefertigt in Deutschland.<\/p>\n<p><strong>Unikate f\u00fcr Individualisten<\/strong><\/p>\n","protected":false},"featured_media":3789,"template":"","meta":[],"product_brand":[],"product_cat":[15,77],"product_tag":[185,199],"class_list":{"0":"post-3788","1":"product","2":"type-product","3":"status-publish","4":"has-post-thumbnail","6":"product_cat-alle-kissen","7":"product_cat-kissen-unikate-40x60-cm","8":"product_tag-40-x-60-cm","9":"product_tag-alle-groessen","10":"product_shipping_class-versand_kissen","12":"first","13":"instock","14":"sale","15":"sold-individually","16":"taxable","17":"shipping-taxable","18":"purchasable","19":"product-type-simple"},"_links":{"self":[{"href":"https:\/\/www.an-na-design.com\/webseite\/wp-json\/wp\/v2\/product\/3788","targetHints":{"allow":["GET"]}}],"collection":[{"href":"https:\/\/www.an-na-design.com\/webseite\/wp-json\/wp\/v2\/product"}],"about":[{"href":"https:\/\/www.an-na-design.com\/webseite\/wp-json\/wp\/v2\/types\/product"}],"wp:featuredmedia":[{"embeddable":true,"href":"https:\/\/www.an-na-design.com\/webseite\/wp-json\/wp\/v2\/media\/3789"}],"wp:attachment":[{"href":"https:\/\/www.an-na-design.com\/webseite\/wp-json\/wp\/v2\/media?parent=3788"}],"wp:term":[{"taxonomy":"product_brand","embeddable":true,"href":"https:\/\/www.an-na-design.com\/webseite\/wp-json\/wp\/v2\/product_brand?post=3788"},{"taxonomy":"product_cat","embeddable":true,"href":"https:\/\/www.an-na-design.com\/webseite\/wp-json\/wp\/v2\/product_cat?post=3788"},{"taxonomy":"product_tag","embeddable":true,"href":"https:\/\/www.an-na-design.com\/webseite\/wp-json\/wp\/v2\/product_tag?post=3788"}],"curies":[{"name":"wp","href":"https:\/\/api.w.org\/{rel}","templated":true}]}}