{"id":2818,"date":"2020-01-14T11:35:12","date_gmt":"2020-01-14T10:35:12","guid":{"rendered":"http:\/\/localhost:8888\/webseite\/produkt\/import-placeholder-for-3381\/"},"modified":"2025-11-30T18:03:25","modified_gmt":"2025-11-30T17:03:25","slug":"kissen-ltd-d3-groesse-40-x-50-cm","status":"publish","type":"product","link":"https:\/\/www.an-na-design.com\/webseite\/produkt\/kissen-ltd-d3-groesse-40-x-50-cm\/","title":{"rendered":"Kissen 40 x 50 cm, Serie Limited Editions &#8211; LTD-D3"},"content":{"rendered":"<h1>Serie Limited Editions, Design LTD-D3, Gr\u00f6\u00dfe 40 x 50 cm<\/h1>\n<h2>Das zeichnet Kissen der Serie Limited Editions aus:<\/h2>\n<ul>\n<li>Limited Edition bedeutet: Dieses Design ist limitiert auf maximal 100 St\u00fcck.<\/li>\n<li>Made in Germany: Unsere Kissen werden in Deutschland gefertigt.<\/li>\n<li>Regionale Herstellung: Design und Fertigung erfolgen regional in einem Umkreis von 40 km. Unsere kurzen Transportwege sparen CO2.<\/li>\n<li>Hohe Qualit\u00e4t: Aufgrund der hochwertigen Materialien und der sorgf\u00e4ltigen Verarbeitung sind Kissen von AN-NA Design besonders lange haltbar.<\/li>\n<li>Zertifikat: Jedes Kissen wird mit einem Zertifikat versendet. Damit wird garantiert, dass es sich um ein limitiertes Design handelt und dass die Fertigung in Deutschland erfolgte.<\/li>\n<\/ul>\n<h3>Farben und Stoffe dieses Kissens:<\/h3>\n<p><strong>Vorderseite:<\/strong> Die Stoffe bestehen aus verschiedenen Woll-Mischungen. Einerseits hat das Kissen eine dezente Optik durch die \u00fcberwiegend grau und wollwei\u00df gehaltenen Farbt\u00f6ne. Durch das grafische Muster, den Farbkontrast und das leuchtende Pink des mittleren Stoffs wirkt dieses Kissen positiv auf die Stimmung in jedem Wohn- und Schlafraum.<\/p>\n<p><strong>R\u00fcckseite:<\/strong> Hier wurde ein Baumwoll-Mischgewebe verarbeitet. Die lilafarbenen Kokos-Kn\u00f6pfe bilden einen weiteren Farbkontrast und kommen gut zur Geltung.<\/p>\n<p><strong>Kn\u00f6pfe: <\/strong>Kokos ist ein Naturprodukt, daher ist die F\u00e4rbung der Kokos-Kn\u00f6pfe unregelm\u00e4\u00dfiger als bei Kunststoffkn\u00f6pfen. Um den besonderen Charakter unserer Kissen zu unterstreichen, haben wir uns f\u00fcr Kn\u00f6pfe aus Naturmaterialien entschieden, die nicht abf\u00e4rben.<\/p>\n<p>&nbsp;<\/p>\n<p><strong><em>Hinweis:<\/em><\/strong><em> Der Preis gilt ausschlie\u00dflich f\u00fcr die Kissen-H\u00fclle. Passende Inletts gibt es ebenfalls hier bei AN-NA Design.<\/em><\/p>\n<p><strong>Kennzeichnung<\/strong> nach der EU-Textilkennzeichnungsverordnung: Diverse Faserarten<\/p>\n","protected":false},"excerpt":{"rendered":"<p>Exklusives Designer Kissen von AN-NA Design. <strong>Gr\u00f6\u00dfe 40 x 50 cm<\/strong>. Handgefertigt in Deutschland.<\/p>\n<p>Limited Edition bedeutet: Es wird nur eine begrenzte Auflage von maximal 100 St\u00fcck je Design gefertigt.<\/p>\n","protected":false},"featured_media":2913,"template":"","meta":[],"product_brand":[],"product_cat":[15,80],"product_tag":[192,199],"class_list":{"0":"post-2818","1":"product","2":"type-product","3":"status-publish","4":"has-post-thumbnail","6":"product_cat-alle-kissen","7":"product_cat-limited-edition-kissen-an-na-design","8":"product_tag-40-x-50-cm","9":"product_tag-alle-groessen","10":"product_shipping_class-versand_kissen","12":"first","13":"instock","14":"sale","15":"taxable","16":"shipping-taxable","17":"purchasable","18":"product-type-simple"},"_links":{"self":[{"href":"https:\/\/www.an-na-design.com\/webseite\/wp-json\/wp\/v2\/product\/2818","targetHints":{"allow":["GET"]}}],"collection":[{"href":"https:\/\/www.an-na-design.com\/webseite\/wp-json\/wp\/v2\/product"}],"about":[{"href":"https:\/\/www.an-na-design.com\/webseite\/wp-json\/wp\/v2\/types\/product"}],"wp:featuredmedia":[{"embeddable":true,"href":"https:\/\/www.an-na-design.com\/webseite\/wp-json\/wp\/v2\/media\/2913"}],"wp:attachment":[{"href":"https:\/\/www.an-na-design.com\/webseite\/wp-json\/wp\/v2\/media?parent=2818"}],"wp:term":[{"taxonomy":"product_brand","embeddable":true,"href":"https:\/\/www.an-na-design.com\/webseite\/wp-json\/wp\/v2\/product_brand?post=2818"},{"taxonomy":"product_cat","embeddable":true,"href":"https:\/\/www.an-na-design.com\/webseite\/wp-json\/wp\/v2\/product_cat?post=2818"},{"taxonomy":"product_tag","embeddable":true,"href":"https:\/\/www.an-na-design.com\/webseite\/wp-json\/wp\/v2\/product_tag?post=2818"}],"curies":[{"name":"wp","href":"https:\/\/api.w.org\/{rel}","templated":true}]}}