{"id":2592,"date":"2020-01-14T10:48:56","date_gmt":"2020-01-14T09:48:56","guid":{"rendered":"http:\/\/localhost:8888\/webseite\/produkt\/import-placeholder-for-2697\/"},"modified":"2025-07-29T21:11:22","modified_gmt":"2025-07-29T19:11:22","slug":"exklusives-kissen-unikat-von-an-na-design-groesse-40x50-cm-d18-kokos","status":"publish","type":"product","link":"https:\/\/www.an-na-design.com\/webseite\/produkt\/exklusives-kissen-unikat-von-an-na-design-groesse-40x50-cm-d18-kokos\/","title":{"rendered":"Kissen-Unikat D 18 Kokos, Gr\u00f6\u00dfe 40 x 50 cm"},"content":{"rendered":"<h1>Kissen-Unikat, Design D 18 Kokos, Gr\u00f6\u00dfe 40 x 50 cm<strong><br \/>\n<\/strong><\/h1>\n<h2>Das zeichnet Kissen der Serie \u201eUnikate\u201c aus:<\/h2>\n<ul>\n<li>Unikat bedeutet: Dieses Design gibt es nur einmal.<\/li>\n<li>Made in Germany: Unsere Kissen werden in Deutschland gefertigt.<\/li>\n<li>Regionale Herstellung: Design und Fertigung erfolgen regional in einem Umkreis von 40 km. Unsere kurzen Transportwege sparen CO2.<\/li>\n<li>Hohe Qualit\u00e4t: Aufgrund der hochwertigen Materialien und der sorgf\u00e4ltigen Verarbeitung sind Kissen von AN-NA Design besonders lange haltbar.<\/li>\n<li>Zertifikat: Jedes Kissen wird mit einem Zertifikat versendet. Damit garantieren wir, dass es sich um ein Unikat handelt und dass die Fertigung in Deutschland erfolgte.<\/li>\n<\/ul>\n<h3><strong>Farben und Stoffe dieses Kissens:<\/strong><\/h3>\n<p><strong>Auf der Vorderseite wurde ein <\/strong>Samtstoff in einem hellen Gelb-Gr\u00fcn kombiniert mit einem Jacquard-Stoff. Der Samt hat aufgrund der Webart\u00a0 eine etwas unregelm\u00e4\u00dfige Struktur. Der Jacquard hat aufgrund einer speziellen Webtechnik Anteile mit samtartiger Oberfl\u00e4che, er ist in den Farben Caramel, helles Gelb-Gr\u00fcn und Hellblau-T\u00fcrkis gehalten.<\/p>\n<p>Die <strong>R\u00fcckseite<\/strong> besteht aus einem wollwei\u00dfen Jacquardstoff, der in sich gemustert ist. Die gr\u00fcnen Kokoskn\u00f6pfe greifen die Farbgebung der Vorderseite auf.<\/p>\n<p><strong>Kn\u00f6pfe: <\/strong>Kokos ist ein Naturprodukt, daher ist die F\u00e4rbung der Kokos-Kn\u00f6pfe unregelm\u00e4\u00dfiger als bei Kunststoffkn\u00f6pfen. Um den besonderen Charakter unserer Kissen zu unterstreichen, haben wir uns f\u00fcr Kn\u00f6pfe aus Naturmaterialien entschieden, die nicht abf\u00e4rben.<\/p>\n<p>&nbsp;<\/p>\n<p><strong><em>Hinweis:<\/em><\/strong><em> Der Preis gilt ausschlie\u00dflich f\u00fcr die Kissen-H\u00fclle. Passende Inletts gibt es ebenfalls hier bei AN-NA Design.<\/em><\/p>\n<p><strong>Kennzeichnung<\/strong> nach der EU-Textilkennzeichnungsverordnung: Diverse Faserarten<\/p>\n<p>&nbsp;<\/p>\n","protected":false},"excerpt":{"rendered":"<p>Exklusives Designer Kissen von AN-NA Design. Einzelst\u00fcck. Gr\u00f6\u00dfe <strong>40 x 50<\/strong> cm. Handgefertigt in Deutschland.<\/p>\n<p><strong>Unikate f\u00fcr Individualisten\u00a0\u00a0\u00a0\u00a0\u00a0\u00a0\u00a0\u00a0\u00a0\u00a0\u00a0\u00a0\u00a0\u00a0 <\/strong><\/p>\n","protected":false},"featured_media":6463,"template":"","meta":[],"product_brand":[],"product_cat":[15,81],"product_tag":[192,199],"class_list":{"0":"post-2592","1":"product","2":"type-product","3":"status-publish","4":"has-post-thumbnail","6":"product_cat-alle-kissen","7":"product_cat-kissen-unikate-40x50-cm","8":"product_tag-40-x-50-cm","9":"product_tag-alle-groessen","10":"product_shipping_class-versand_kissen","12":"first","13":"instock","14":"sold-individually","15":"taxable","16":"shipping-taxable","17":"purchasable","18":"product-type-simple"},"_links":{"self":[{"href":"https:\/\/www.an-na-design.com\/webseite\/wp-json\/wp\/v2\/product\/2592","targetHints":{"allow":["GET"]}}],"collection":[{"href":"https:\/\/www.an-na-design.com\/webseite\/wp-json\/wp\/v2\/product"}],"about":[{"href":"https:\/\/www.an-na-design.com\/webseite\/wp-json\/wp\/v2\/types\/product"}],"wp:featuredmedia":[{"embeddable":true,"href":"https:\/\/www.an-na-design.com\/webseite\/wp-json\/wp\/v2\/media\/6463"}],"wp:attachment":[{"href":"https:\/\/www.an-na-design.com\/webseite\/wp-json\/wp\/v2\/media?parent=2592"}],"wp:term":[{"taxonomy":"product_brand","embeddable":true,"href":"https:\/\/www.an-na-design.com\/webseite\/wp-json\/wp\/v2\/product_brand?post=2592"},{"taxonomy":"product_cat","embeddable":true,"href":"https:\/\/www.an-na-design.com\/webseite\/wp-json\/wp\/v2\/product_cat?post=2592"},{"taxonomy":"product_tag","embeddable":true,"href":"https:\/\/www.an-na-design.com\/webseite\/wp-json\/wp\/v2\/product_tag?post=2592"}],"curies":[{"name":"wp","href":"https:\/\/api.w.org\/{rel}","templated":true}]}}