{"id":2580,"date":"2000-05-14T10:48:55","date_gmt":"2000-05-14T08:48:55","guid":{"rendered":"http:\/\/localhost:8888\/webseite\/produkt\/import-placeholder-for-ki_1_3050\/"},"modified":"2025-10-23T14:49:04","modified_gmt":"2025-10-23T12:49:04","slug":"kissen-inlett-30-x-50-cm","status":"publish","type":"product","link":"https:\/\/www.an-na-design.com\/webseite\/produkt\/kissen-inlett-30-x-50-cm\/","title":{"rendered":"Kissen Inlett 30 x 50 cm"},"content":{"rendered":"<p>Das passende Inlett f\u00fcr unsere Kissen der Gr\u00f6\u00dfe 30 x 50 cm.<\/p>\n<p>Die Inletts, die wir anbieten, werden in Deutschland gefertigt und sind mit dem Oeko-Tex-Label \u201eTextiles Vertrauen\u201c ausgestattet.<br \/>\nStoff: 100% Baumwolle<\/p>\n<p>F\u00fcllung: Halbwei\u00dfe G\u00e4nse- und Entenfedern<\/p>\n","protected":false},"excerpt":{"rendered":"<p>Das passende Inlett zu den Kissen der Gr\u00f6\u00dfe 30 x 50 cm von AN-NA Design. Gefertigt in Deutschland. AN-NA Design: Die Kissen-Manufaktur in Deutschland.<\/p>\n","protected":false},"featured_media":2662,"template":"","meta":[],"product_brand":[],"product_cat":[15,79,78],"product_tag":[193,199],"class_list":{"0":"post-2580","1":"product","2":"type-product","3":"status-publish","4":"has-post-thumbnail","6":"product_cat-alle-kissen","7":"product_cat-inlett-30x50","8":"product_cat-kissen-unikate-30_x50_cm","9":"product_tag-30-x-50-cm","10":"product_tag-alle-groessen","11":"product_shipping_class-versand_kissen","13":"first","14":"instock","15":"taxable","16":"shipping-taxable","17":"purchasable","18":"product-type-simple"},"_links":{"self":[{"href":"https:\/\/www.an-na-design.com\/webseite\/wp-json\/wp\/v2\/product\/2580","targetHints":{"allow":["GET"]}}],"collection":[{"href":"https:\/\/www.an-na-design.com\/webseite\/wp-json\/wp\/v2\/product"}],"about":[{"href":"https:\/\/www.an-na-design.com\/webseite\/wp-json\/wp\/v2\/types\/product"}],"wp:featuredmedia":[{"embeddable":true,"href":"https:\/\/www.an-na-design.com\/webseite\/wp-json\/wp\/v2\/media\/2662"}],"wp:attachment":[{"href":"https:\/\/www.an-na-design.com\/webseite\/wp-json\/wp\/v2\/media?parent=2580"}],"wp:term":[{"taxonomy":"product_brand","embeddable":true,"href":"https:\/\/www.an-na-design.com\/webseite\/wp-json\/wp\/v2\/product_brand?post=2580"},{"taxonomy":"product_cat","embeddable":true,"href":"https:\/\/www.an-na-design.com\/webseite\/wp-json\/wp\/v2\/product_cat?post=2580"},{"taxonomy":"product_tag","embeddable":true,"href":"https:\/\/www.an-na-design.com\/webseite\/wp-json\/wp\/v2\/product_tag?post=2580"}],"curies":[{"name":"wp","href":"https:\/\/api.w.org\/{rel}","templated":true}]}}