{"id":3597,"date":"2020-01-26T22:50:24","date_gmt":"2020-01-26T21:50:24","guid":{"rendered":"http:\/\/localhost:8888\/webseite\/?page_id=3597"},"modified":"2020-01-26T22:54:39","modified_gmt":"2020-01-26T21:54:39","slug":"produktinformationen","status":"publish","type":"page","link":"https:\/\/www.an-na-design.com\/webseite\/shop\/produktinformationen\/","title":{"rendered":"Produktinformationen"},"content":{"rendered":"\n<div style=\"height:20px\" aria-hidden=\"true\" class=\"wp-block-spacer\"><\/div>\n\n\n\n<h2 class=\"has-text-align-center atomion-big-headline wp-block-heading\">Produktinformationen<\/h2>\n\n\n\n<div style=\"height:20px\" aria-hidden=\"true\" class=\"wp-block-spacer\"><\/div>\n\n\n\n<p class=\"has-text-align-center\">Produktinformationen f\u00fcr die Kissen-Unikate von AN-NA Design. Hier erfahren Sie etwas \u00fcber verwendete Materialien. <br>Die Fertigung erfolgt ausschlie\u00dflich in Deutschland.<\/p>\n\n\n\n<div style=\"height:20px\" aria-hidden=\"true\" class=\"wp-block-spacer\"><\/div>\n\n\n\n<p class=\"has-text-align-center\">In jedem AN-NA Design Kissen werden bis zu 10 verschiedene Materialien verarbeitet. Die verwendeten Stoffe haben unterschiedliche Zusammensetzungen.<br>Neben reinen Naturstoffen, zum Beispiel aus Leinen, Seide, Wolle oder Baumwolle, werden auch Mischgewebe verwendet. Die Schlaufen f\u00fcr die Verschl\u00fcsse bestehen aus Viskose-Kordel. Die Kn\u00f6pfe sind aus Perlmutt oder Kokos hergestellt. Sie sind gef\u00e4rbt, teilweise emailliert oder glasiert.<br><br>Bezeichnung nach der Textilkennzeichnungsverordnung: \u201eDiverse Faserarten\u201c<\/p>\n\n\n\n<div style=\"height:20px\" aria-hidden=\"true\" class=\"wp-block-spacer\"><\/div>\n\n\n\n<hr class=\"wp-block-separator is-style-wide\"\/>\n\n\n\n<p style=\"font-size:17px\" class=\"has-text-align-center atomion-angel-right\"><strong><a href=\"http:\/\/an-na-design.com\/webseite\/shop\/\">Alle unsere Produkte ansehen<\/a><\/strong><\/p>\n\n\n\n<hr class=\"wp-block-separator is-style-wide\"\/>\n\n\n\n<div style=\"height:100px\" aria-hidden=\"true\" class=\"wp-block-spacer\"><\/div>\n\n\n\n<div data-block-name=\"woocommerce\/handpicked-products\" data-display-as=\"atomion-product-carousel \" data-offset=\"true\" data-products=\"[2711,2737,2654]\" data-show-description=\"false\" class=\"wp-block-woocommerce-handpicked-products\"><div class=\"woocommerce columns-3 gutenberg-block atomion-offset no-description atomion-product-carousel \"><ul class=\"products columns-3 tab-2-4\"><li class=\"has-no-scale product type-product post-2711 status-publish first instock product_cat-alle-kissen product_cat-kissen-unikate-30_x50_cm product_tag-30-x-50-cm product_tag-alle-groessen has-post-thumbnail sold-individually taxable shipping-taxable purchasable product-type-simple\">\n\t\t<div class=\"product-image-wrapper\">\n\t\t<a href=\"\/webseite\/wp-json\/wp\/v2\/pages\/3597?add-to-cart=2711\" aria-describedby=\"woocommerce_loop_add_to_cart_link_describedby_2711\" data-quantity=\"1\" class=\"button product_type_simple add_to_cart_button ajax_add_to_cart\" data-product_id=\"2711\" data-product_sku=\"K-40-Kokos\" aria-label=\"In den Warenkorb legen: \u201eKissen-Unikat K 40 Kokos, Gr\u00f6\u00dfe 30 x 50 cm\u201c\" rel=\"nofollow\" data-success_message=\"\u201eKissen-Unikat K 40 Kokos, Gr\u00f6\u00dfe 30 x 50 cm\u201c wurde Ihrem Warenkorb hinzugef\u00fcgt\" role=\"button\">In den Warenkorb<\/a>\t<span id=\"woocommerce_loop_add_to_cart_link_describedby_2711\" class=\"screen-reader-text\">\n\t\t\t<\/span>\n<a href=\"https:\/\/www.an-na-design.com\/webseite\/produkt\/exklusives-kissen-unikat-von-an-na-design-groesse-30-x-50\/\" class=\"atomion-product-image\"><img loading=\"lazy\" decoding=\"async\" width=\"400\" height=\"400\" src=\"https:\/\/www.an-na-design.com\/webseite\/wp-content\/uploads\/2020\/01\/AN-NA-Designer-Kissen-Unikat-K-40-3-400x400.jpg\" class=\"attachment-woocommerce_thumbnail size-woocommerce_thumbnail\" alt=\"Kissen-Unikat K 40 Kokos, Gr\u00f6\u00dfe 30 x 50 cm\" srcset=\"https:\/\/www.an-na-design.com\/webseite\/wp-content\/uploads\/2020\/01\/AN-NA-Designer-Kissen-Unikat-K-40-3-400x400.jpg 400w, https:\/\/www.an-na-design.com\/webseite\/wp-content\/uploads\/2020\/01\/AN-NA-Designer-Kissen-Unikat-K-40-3-200x200.jpg 200w, https:\/\/www.an-na-design.com\/webseite\/wp-content\/uploads\/2020\/01\/AN-NA-Designer-Kissen-Unikat-K-40-3-800x800.jpg 800w, https:\/\/www.an-na-design.com\/webseite\/wp-content\/uploads\/2020\/01\/AN-NA-Designer-Kissen-Unikat-K-40-3-300x300.jpg 300w, https:\/\/www.an-na-design.com\/webseite\/wp-content\/uploads\/2020\/01\/AN-NA-Designer-Kissen-Unikat-K-40-3-150x150.jpg 150w, https:\/\/www.an-na-design.com\/webseite\/wp-content\/uploads\/2020\/01\/AN-NA-Designer-Kissen-Unikat-K-40-3-768x768.jpg 768w, https:\/\/www.an-na-design.com\/webseite\/wp-content\/uploads\/2020\/01\/AN-NA-Designer-Kissen-Unikat-K-40-3.jpg 900w\" sizes=\"auto, (max-width: 400px) 100vw, 400px\" \/><\/a><a class=\"atomion-product-lupe\" href=\"https:\/\/www.an-na-design.com\/webseite\/produkt\/exklusives-kissen-unikat-von-an-na-design-groesse-30-x-50\/\"><i class=\"fas fa-search-plus\"><\/i><\/a>\t<\/div>\n\t<div class=\"site-product-meta\">\n\t\t<button aria-haspopup=\"dialog\" aria-controls=\"atomion-quick-view-modal\" aria-expanded=\"false\" data-product-id=\"2711\" class=\"atomion_quick_view button button-filled filled-hover-darken\" style=\"\"><span><i class=\"fas fa-expand-arrows-alt\" aria-hidden=\"true\"><\/i> Schnellansicht<\/span><\/button>\t<div class=\"atomion-woocommerce-product-category\">\r\n\t\t<a href=\"https:\/\/www.an-na-design.com\/webseite\/produkt-kategorie\/alle-kissen\/\">Alle Kissen in der \u00dcbersicht<\/a>, <a href=\"https:\/\/www.an-na-design.com\/webseite\/produkt-kategorie\/kissen-unikate-30_x50_cm\/\">Kissen-Unikate 30 x 50 cm<\/a>\t<\/div>\r\n\t<a href=\"https:\/\/www.an-na-design.com\/webseite\/produkt\/exklusives-kissen-unikat-von-an-na-design-groesse-30-x-50\/\" class=\"woocommerce-LoopProduct-link woocommerce-loop-product__link\"><h2 class=\"woocommerce-loop-product__title\">Kissen-Unikat K 40 Kokos, Gr\u00f6\u00dfe 30 x 50 cm<\/h2><\/a><p class=\"price\"><span class=\"woocommerce-Price-amount amount\"><bdi><span class=\"woocommerce-Price-currencySymbol\">&euro;<\/span>&nbsp;109,00<\/bdi><\/span><\/p>\n\t\t<div class=\"wgm-info woocommerce-de_price_taxrate \"><\/div>\n\t\t<div class=\"wgm-info woocommerce_de_versandkosten\">zzgl. <a class=\"versandkosten\" href=\"https:\/\/www.an-na-design.com\/webseite\/versand__lieferung\/\" target=\"_blank\">Versand<\/a><\/div>\t\t<div class=\"product-excerpt\">\n\t\t\t<p>Exklusives Designer Kissen von AN-NA Design. Einzelst\u00fcck. Gr\u00f6\u00dfe <strong>30 x 50<\/strong> cm. Handgefertigt in Deutschland.\r\n\r\n<strong>Unikate f\u00fcr Individualisten<\/strong><\/p>\t\t<\/div>\n\n\t\t<div class=\"go-to-product\"><a class=\"button\" href=\"https:\/\/www.an-na-design.com\/webseite\/produkt\/exklusives-kissen-unikat-von-an-na-design-groesse-30-x-50\/\">Gehen Sie zum Produkt<\/a><\/div>\t<\/div>\n   <\/li>\n<\/ul>\n<\/div><\/div>\n\n\n\n<div style=\"height:50px\" aria-hidden=\"true\" class=\"wp-block-spacer\"><\/div>\n","protected":false},"excerpt":{"rendered":"<p>Produktinformationen Produktinformationen f\u00fcr die Kissen-Unikate von AN-NA Design. Hier erfahren Sie etwas \u00fcber verwendete Materialien. [&#8230;] <a href=\"https:\/\/www.an-na-design.com\/webseite\/shop\/produktinformationen\/\">weiterlesen<\/a><\/p>\n","protected":false},"author":1,"featured_media":0,"parent":7,"menu_order":0,"comment_status":"closed","ping_status":"closed","template":"page-blank.php","meta":{"footnotes":""},"class_list":["post-3597","page","type-page","status-publish","hentry"],"_links":{"self":[{"href":"https:\/\/www.an-na-design.com\/webseite\/wp-json\/wp\/v2\/pages\/3597","targetHints":{"allow":["GET"]}}],"collection":[{"href":"https:\/\/www.an-na-design.com\/webseite\/wp-json\/wp\/v2\/pages"}],"about":[{"href":"https:\/\/www.an-na-design.com\/webseite\/wp-json\/wp\/v2\/types\/page"}],"author":[{"embeddable":true,"href":"https:\/\/www.an-na-design.com\/webseite\/wp-json\/wp\/v2\/users\/1"}],"replies":[{"embeddable":true,"href":"https:\/\/www.an-na-design.com\/webseite\/wp-json\/wp\/v2\/comments?post=3597"}],"version-history":[{"count":0,"href":"https:\/\/www.an-na-design.com\/webseite\/wp-json\/wp\/v2\/pages\/3597\/revisions"}],"up":[{"embeddable":true,"href":"https:\/\/www.an-na-design.com\/webseite\/wp-json\/wp\/v2\/pages\/7"}],"wp:attachment":[{"href":"https:\/\/www.an-na-design.com\/webseite\/wp-json\/wp\/v2\/media?parent=3597"}],"curies":[{"name":"wp","href":"https:\/\/api.w.org\/{rel}","templated":true}]}}