{"id":3588,"date":"2020-01-26T22:29:52","date_gmt":"2020-01-26T21:29:52","guid":{"rendered":"http:\/\/localhost:8888\/webseite\/?page_id=3588"},"modified":"2021-02-15T14:41:33","modified_gmt":"2021-02-15T13:41:33","slug":"kissen-inletts","status":"publish","type":"page","link":"https:\/\/www.an-na-design.com\/webseite\/shop\/kissen-inletts\/","title":{"rendered":"Kissen-Inletts"},"content":{"rendered":"\n<div style=\"height:20px\" aria-hidden=\"true\" class=\"wp-block-spacer\"><\/div>\n\n\n\n<h2 class=\"has-text-align-center atomion-big-headline wp-block-heading\">Kissen-Inletts<\/h2>\n\n\n\n<p>Inletts (Kissen-F\u00fcllungen) :<br><br>Sie haben die M\u00f6glichkeit, unsere Kissen-Unikate ohne Inlett zu bestellen. W\u00fcnschen Sie ein passendes Inlett, bieten wir in unserem Shop f\u00fcr jede Kissen-Gr\u00f6\u00dfe zus\u00e4tzliche Inletts an.<br><a href=\"http:\/\/an-na-design.com\/webseite\/produkt\/kissen-inlet-30-x-50\/\">Inlett 30 x 50 cm<br><\/a><a href=\"http:\/\/an-na-design.com\/webseite\/produkt\/kissen-inlet-40-x-50\/\">Inlett 40 x 50 cm<\/a><br><a href=\"http:\/\/an-na-design.com\/webseite\/produkt\/kissen-inlet-40-x-60\/\">Inlett 40 x 60 cm<\/a><br><br>Weitere Varianten an F\u00fcllungen finden Sie sowohl im Internet als auch im Handel vor Ort. Das erm\u00f6glicht es Ihnen, aus einer gro\u00dfen Bandbreite die f\u00fcr Sie passende auszuw\u00e4hlen. Neben Daune in unterschiedlichen Gewichts- und Verarbeitungskategorien gibt es (zum Beispiel f\u00fcr Allergiker) auch Inletts aus Hanf, Kapok, Naturlatex-Flocken, Rosshaar, Dinkel, Hirse oder Synthetik-Flocken.<br><br>Um Ihnen die Auswahl zu erleichtern, finden Sie nachstehend beispielhaft einige Online-Shops, in denen verschiedene Varianten angeboten werden:<br><br><a href=\"https:\/\/www.allnatura.de\/\">www.allnatura.de<\/a><br><a href=\"https:\/\/www.vossberg.de\/\">www.vossberg.de<\/a><br><a href=\"https:\/\/www.hessnatur.com\">www.hessnatur.com<\/a><br><\/p>\n\n\n\n<div data-block-name=\"woocommerce\/handpicked-products\" data-products=\"[2580,2582,2570]\" class=\"wp-block-woocommerce-handpicked-products\"><div class=\"woocommerce columns-3 gutenberg-block show-description atomion-product-grid \"><ul class=\"products columns-3 tab-2-4\"><li class=\"has-no-scale product type-product post-2570 status-publish first instock product_cat-alle-kissen product_cat-kissen-inlett-40x60-cm product_cat-kissen-unikate-40x60-cm product_tag-40-x-60-cm product_tag-alle-groessen has-post-thumbnail taxable shipping-taxable purchasable product-type-simple\">\n\t\t<div class=\"product-image-wrapper\">\n\t\t<a href=\"\/webseite\/wp-json\/wp\/v2\/pages\/3588?add-to-cart=2570\" aria-describedby=\"woocommerce_loop_add_to_cart_link_describedby_2570\" data-quantity=\"1\" class=\"button product_type_simple add_to_cart_button ajax_add_to_cart\" data-product_id=\"2570\" data-product_sku=\"KI_3_4060\" aria-label=\"In den Warenkorb legen: \u201eKissen Inlett 40 x 60 cm\u201c\" rel=\"nofollow\" data-success_message=\"\u201eKissen Inlett 40 x 60 cm\u201c wurde Ihrem Warenkorb hinzugef\u00fcgt\" role=\"button\">In den Warenkorb<\/a>\t<span id=\"woocommerce_loop_add_to_cart_link_describedby_2570\" class=\"screen-reader-text\">\n\t\t\t<\/span>\n<a href=\"https:\/\/www.an-na-design.com\/webseite\/produkt\/kissen-inlett-40-x-60\/\" class=\"atomion-product-image\"><img loading=\"lazy\" decoding=\"async\" width=\"400\" height=\"400\" src=\"https:\/\/www.an-na-design.com\/webseite\/wp-content\/uploads\/2020\/01\/Inlet_900x900_40x60-400x400.jpg\" class=\"attachment-woocommerce_thumbnail size-woocommerce_thumbnail\" alt=\"Inlett f\u00fcr Kissen von AN-NA Design, der Design Manufaktur im Bergischen Land\" srcset=\"https:\/\/www.an-na-design.com\/webseite\/wp-content\/uploads\/2020\/01\/Inlet_900x900_40x60-400x400.jpg 400w, https:\/\/www.an-na-design.com\/webseite\/wp-content\/uploads\/2020\/01\/Inlet_900x900_40x60-200x200.jpg 200w, https:\/\/www.an-na-design.com\/webseite\/wp-content\/uploads\/2020\/01\/Inlet_900x900_40x60-800x800.jpg 800w, https:\/\/www.an-na-design.com\/webseite\/wp-content\/uploads\/2020\/01\/Inlet_900x900_40x60-300x300.jpg 300w, https:\/\/www.an-na-design.com\/webseite\/wp-content\/uploads\/2020\/01\/Inlet_900x900_40x60-150x150.jpg 150w, https:\/\/www.an-na-design.com\/webseite\/wp-content\/uploads\/2020\/01\/Inlet_900x900_40x60-768x768.jpg 768w, https:\/\/www.an-na-design.com\/webseite\/wp-content\/uploads\/2020\/01\/Inlet_900x900_40x60.jpg 900w\" sizes=\"auto, (max-width: 400px) 100vw, 400px\" \/><\/a><a class=\"atomion-product-lupe\" href=\"https:\/\/www.an-na-design.com\/webseite\/produkt\/kissen-inlett-40-x-60\/\"><i class=\"fas fa-search-plus\"><\/i><\/a>\t<\/div>\n\t<div class=\"site-product-meta\">\n\t\t<button aria-haspopup=\"dialog\" aria-controls=\"atomion-quick-view-modal\" aria-expanded=\"false\" data-product-id=\"2570\" class=\"atomion_quick_view button button-filled filled-hover-darken\" style=\"\"><span><i class=\"fas fa-expand-arrows-alt\" aria-hidden=\"true\"><\/i> Schnellansicht<\/span><\/button>\t<div class=\"atomion-woocommerce-product-category\">\r\n\t\t<a href=\"https:\/\/www.an-na-design.com\/webseite\/produkt-kategorie\/alle-kissen\/\">Alle Kissen in der \u00dcbersicht<\/a>, <a href=\"https:\/\/www.an-na-design.com\/webseite\/produkt-kategorie\/kissen-unikate-40x60-cm\/kissen-inlett-40x60-cm\/\">Inlett 40 x 60 cm<\/a>, <a href=\"https:\/\/www.an-na-design.com\/webseite\/produkt-kategorie\/kissen-unikate-40x60-cm\/\">Kissen-Unikate 40 x 60 cm<\/a>\t<\/div>\r\n\t<a href=\"https:\/\/www.an-na-design.com\/webseite\/produkt\/kissen-inlett-40-x-60\/\" class=\"woocommerce-LoopProduct-link woocommerce-loop-product__link\"><h2 class=\"woocommerce-loop-product__title\">Kissen Inlett 40 x 60 cm<\/h2><\/a><p class=\"price\"><span class=\"woocommerce-Price-amount amount\"><bdi><span class=\"woocommerce-Price-currencySymbol\">&euro;<\/span>&nbsp;14,00<\/bdi><\/span><\/p>\n\t\t<div class=\"wgm-info woocommerce-de_price_taxrate \"><\/div>\n\t\t<div class=\"wgm-info woocommerce_de_versandkosten\">zzgl. <a class=\"versandkosten\" href=\"https:\/\/www.an-na-design.com\/webseite\/versand__lieferung\/\" target=\"_blank\">Versand<\/a><\/div>\t\t<div class=\"product-excerpt\">\n\t\t\t<p>Das passende Inlett zu den Kissen der Gr\u00f6\u00dfe 40 x 60 cm von AN-NA Design. Gefertigt in Deutschland. AN-NA Design: Die Kissen-Manufaktur in Deutschland.<\/p>\t\t<\/div>\n\n\t\t<div class=\"go-to-product\"><a class=\"button\" href=\"https:\/\/www.an-na-design.com\/webseite\/produkt\/kissen-inlett-40-x-60\/\">Gehen Sie zum Produkt<\/a><\/div>\t<\/div>\n   <\/li>\n<li class=\"has-no-scale product type-product post-2582 status-publish instock product_cat-alle-kissen product_cat-kissen-inlett-40x50-cm product_cat-kissen-unikate-40x50-cm product_tag-40-x-50-cm product_tag-alle-groessen has-post-thumbnail taxable shipping-taxable purchasable product-type-simple\">\n\t\t<div class=\"product-image-wrapper\">\n\t\t<a href=\"\/webseite\/wp-json\/wp\/v2\/pages\/3588?add-to-cart=2582\" aria-describedby=\"woocommerce_loop_add_to_cart_link_describedby_2582\" data-quantity=\"1\" class=\"button product_type_simple add_to_cart_button ajax_add_to_cart\" data-product_id=\"2582\" data-product_sku=\"KI_2_4050\" aria-label=\"In den Warenkorb legen: \u201eKissen Inlett 40 x 50\u201c\" rel=\"nofollow\" data-success_message=\"\u201eKissen Inlett 40 x 50\u201c wurde Ihrem Warenkorb hinzugef\u00fcgt\" role=\"button\">In den Warenkorb<\/a>\t<span id=\"woocommerce_loop_add_to_cart_link_describedby_2582\" class=\"screen-reader-text\">\n\t\t\t<\/span>\n<a href=\"https:\/\/www.an-na-design.com\/webseite\/produkt\/kissen-inlett-40-x-50-cm\/\" class=\"atomion-product-image\"><img loading=\"lazy\" decoding=\"async\" width=\"400\" height=\"400\" src=\"https:\/\/www.an-na-design.com\/webseite\/wp-content\/uploads\/2020\/01\/Inlet_900x900_40x50-400x400.jpg\" class=\"attachment-woocommerce_thumbnail size-woocommerce_thumbnail\" alt=\"Kissen Inlett 40 x 50\" srcset=\"https:\/\/www.an-na-design.com\/webseite\/wp-content\/uploads\/2020\/01\/Inlet_900x900_40x50-400x400.jpg 400w, https:\/\/www.an-na-design.com\/webseite\/wp-content\/uploads\/2020\/01\/Inlet_900x900_40x50-200x200.jpg 200w, https:\/\/www.an-na-design.com\/webseite\/wp-content\/uploads\/2020\/01\/Inlet_900x900_40x50-800x800.jpg 800w, https:\/\/www.an-na-design.com\/webseite\/wp-content\/uploads\/2020\/01\/Inlet_900x900_40x50-300x300.jpg 300w, https:\/\/www.an-na-design.com\/webseite\/wp-content\/uploads\/2020\/01\/Inlet_900x900_40x50-150x150.jpg 150w, https:\/\/www.an-na-design.com\/webseite\/wp-content\/uploads\/2020\/01\/Inlet_900x900_40x50-768x768.jpg 768w, https:\/\/www.an-na-design.com\/webseite\/wp-content\/uploads\/2020\/01\/Inlet_900x900_40x50.jpg 900w\" sizes=\"auto, (max-width: 400px) 100vw, 400px\" \/><\/a><a class=\"atomion-product-lupe\" href=\"https:\/\/www.an-na-design.com\/webseite\/produkt\/kissen-inlett-40-x-50-cm\/\"><i class=\"fas fa-search-plus\"><\/i><\/a>\t<\/div>\n\t<div class=\"site-product-meta\">\n\t\t<button aria-haspopup=\"dialog\" aria-controls=\"atomion-quick-view-modal\" aria-expanded=\"false\" data-product-id=\"2582\" class=\"atomion_quick_view button button-filled filled-hover-darken\" style=\"\"><span><i class=\"fas fa-expand-arrows-alt\" aria-hidden=\"true\"><\/i> Schnellansicht<\/span><\/button>\t<div class=\"atomion-woocommerce-product-category\">\r\n\t\t<a href=\"https:\/\/www.an-na-design.com\/webseite\/produkt-kategorie\/alle-kissen\/\">Alle Kissen in der \u00dcbersicht<\/a>, <a href=\"https:\/\/www.an-na-design.com\/webseite\/produkt-kategorie\/kissen-unikate-40x50-cm\/kissen-inlett-40x50-cm\/\">Inlett 40 x 50 cm<\/a>, <a href=\"https:\/\/www.an-na-design.com\/webseite\/produkt-kategorie\/kissen-unikate-40x50-cm\/\">Kissen-Unikate 40 x 50 cm<\/a>\t<\/div>\r\n\t<a href=\"https:\/\/www.an-na-design.com\/webseite\/produkt\/kissen-inlett-40-x-50-cm\/\" class=\"woocommerce-LoopProduct-link woocommerce-loop-product__link\"><h2 class=\"woocommerce-loop-product__title\">Kissen Inlett 40 x 50<\/h2><\/a><p class=\"price\"><span class=\"woocommerce-Price-amount amount\"><bdi><span class=\"woocommerce-Price-currencySymbol\">&euro;<\/span>&nbsp;10,00<\/bdi><\/span><\/p>\n\t\t<div class=\"wgm-info woocommerce-de_price_taxrate \"><\/div>\n\t\t<div class=\"wgm-info woocommerce_de_versandkosten\">zzgl. <a class=\"versandkosten\" href=\"https:\/\/www.an-na-design.com\/webseite\/versand__lieferung\/\" target=\"_blank\">Versand<\/a><\/div>\t\t<div class=\"product-excerpt\">\n\t\t\t<p>Das passende Inlett zu den Kissen der Gr\u00f6\u00dfe 40 x 50 cm von AN-NA Design. Gefertigt in Deutschland. AN-NA Design: Die Kissen-Manufaktur in Deutschland.<\/p>\t\t<\/div>\n\n\t\t<div class=\"go-to-product\"><a class=\"button\" href=\"https:\/\/www.an-na-design.com\/webseite\/produkt\/kissen-inlett-40-x-50-cm\/\">Gehen Sie zum Produkt<\/a><\/div>\t<\/div>\n   <\/li>\n<li class=\"has-no-scale product type-product post-2580 status-publish last instock product_cat-alle-kissen product_cat-inlett-30x50 product_cat-kissen-unikate-30_x50_cm product_tag-30-x-50-cm product_tag-alle-groessen has-post-thumbnail taxable shipping-taxable purchasable product-type-simple\">\n\t\t<div class=\"product-image-wrapper\">\n\t\t<a href=\"\/webseite\/wp-json\/wp\/v2\/pages\/3588?add-to-cart=2580\" aria-describedby=\"woocommerce_loop_add_to_cart_link_describedby_2580\" data-quantity=\"1\" class=\"button product_type_simple add_to_cart_button ajax_add_to_cart\" data-product_id=\"2580\" data-product_sku=\"KI_1_3050\" aria-label=\"In den Warenkorb legen: \u201eKissen Inlett 30 x 50 cm\u201c\" rel=\"nofollow\" data-success_message=\"\u201eKissen Inlett 30 x 50 cm\u201c wurde Ihrem Warenkorb hinzugef\u00fcgt\" role=\"button\">In den Warenkorb<\/a>\t<span id=\"woocommerce_loop_add_to_cart_link_describedby_2580\" class=\"screen-reader-text\">\n\t\t\t<\/span>\n<a href=\"https:\/\/www.an-na-design.com\/webseite\/produkt\/kissen-inlett-30-x-50-cm\/\" class=\"atomion-product-image\"><img loading=\"lazy\" decoding=\"async\" width=\"400\" height=\"400\" src=\"https:\/\/www.an-na-design.com\/webseite\/wp-content\/uploads\/2020\/01\/Inlet_900x900_30x50-400x400.jpg\" class=\"attachment-woocommerce_thumbnail size-woocommerce_thumbnail\" alt=\"Kissen Inlett 30 x 50 cm\" srcset=\"https:\/\/www.an-na-design.com\/webseite\/wp-content\/uploads\/2020\/01\/Inlet_900x900_30x50-400x400.jpg 400w, https:\/\/www.an-na-design.com\/webseite\/wp-content\/uploads\/2020\/01\/Inlet_900x900_30x50-200x200.jpg 200w, https:\/\/www.an-na-design.com\/webseite\/wp-content\/uploads\/2020\/01\/Inlet_900x900_30x50-800x800.jpg 800w, https:\/\/www.an-na-design.com\/webseite\/wp-content\/uploads\/2020\/01\/Inlet_900x900_30x50-300x300.jpg 300w, https:\/\/www.an-na-design.com\/webseite\/wp-content\/uploads\/2020\/01\/Inlet_900x900_30x50-150x150.jpg 150w, https:\/\/www.an-na-design.com\/webseite\/wp-content\/uploads\/2020\/01\/Inlet_900x900_30x50-768x768.jpg 768w, https:\/\/www.an-na-design.com\/webseite\/wp-content\/uploads\/2020\/01\/Inlet_900x900_30x50.jpg 900w\" sizes=\"auto, (max-width: 400px) 100vw, 400px\" \/><\/a><a class=\"atomion-product-lupe\" href=\"https:\/\/www.an-na-design.com\/webseite\/produkt\/kissen-inlett-30-x-50-cm\/\"><i class=\"fas fa-search-plus\"><\/i><\/a>\t<\/div>\n\t<div class=\"site-product-meta\">\n\t\t<button aria-haspopup=\"dialog\" aria-controls=\"atomion-quick-view-modal\" aria-expanded=\"false\" data-product-id=\"2580\" class=\"atomion_quick_view button button-filled filled-hover-darken\" style=\"\"><span><i class=\"fas fa-expand-arrows-alt\" aria-hidden=\"true\"><\/i> Schnellansicht<\/span><\/button>\t<div class=\"atomion-woocommerce-product-category\">\r\n\t\t<a href=\"https:\/\/www.an-na-design.com\/webseite\/produkt-kategorie\/alle-kissen\/\">Alle Kissen in der \u00dcbersicht<\/a>, <a href=\"https:\/\/www.an-na-design.com\/webseite\/produkt-kategorie\/kissen-unikate-30_x50_cm\/inlett-30x50\/\">Inlett 30 x 50<\/a>, <a href=\"https:\/\/www.an-na-design.com\/webseite\/produkt-kategorie\/kissen-unikate-30_x50_cm\/\">Kissen-Unikate 30 x 50 cm<\/a>\t<\/div>\r\n\t<a href=\"https:\/\/www.an-na-design.com\/webseite\/produkt\/kissen-inlett-30-x-50-cm\/\" class=\"woocommerce-LoopProduct-link woocommerce-loop-product__link\"><h2 class=\"woocommerce-loop-product__title\">Kissen Inlett 30 x 50 cm<\/h2><\/a><p class=\"price\"><span class=\"woocommerce-Price-amount amount\"><bdi><span class=\"woocommerce-Price-currencySymbol\">&euro;<\/span>&nbsp;9,00<\/bdi><\/span><\/p>\n\t\t<div class=\"wgm-info woocommerce-de_price_taxrate \"><\/div>\n\t\t<div class=\"wgm-info woocommerce_de_versandkosten\">zzgl. <a class=\"versandkosten\" href=\"https:\/\/www.an-na-design.com\/webseite\/versand__lieferung\/\" target=\"_blank\">Versand<\/a><\/div>\t\t<div class=\"product-excerpt\">\n\t\t\t<p>Das passende Inlett zu den Kissen der Gr\u00f6\u00dfe 30 x 50 cm von AN-NA Design. Gefertigt in Deutschland. AN-NA Design: Die Kissen-Manufaktur in Deutschland.<\/p>\t\t<\/div>\n\n\t\t<div class=\"go-to-product\"><a class=\"button\" href=\"https:\/\/www.an-na-design.com\/webseite\/produkt\/kissen-inlett-30-x-50-cm\/\">Gehen Sie zum Produkt<\/a><\/div>\t<\/div>\n   <\/li>\n<\/ul>\n<\/div><\/div>\n\n\n\n<div style=\"height:100px\" aria-hidden=\"true\" class=\"wp-block-spacer\"><\/div>\n\n\n\n<hr class=\"wp-block-separator is-style-wide\"\/>\n\n\n\n<p class=\"has-text-align-center atomion-angel-right\" style=\"font-size:17px\"><a href=\"http:\/\/an-na-design.com\/webseite\/shop\/\"><strong>Alle Produkte ansehen<\/strong><\/a><\/p>\n\n\n\n<hr class=\"wp-block-separator is-style-wide\"\/>\n\n\n\n<div style=\"height:50px\" aria-hidden=\"true\" class=\"wp-block-spacer\"><\/div>\n\n\n\n<div style=\"height:20px\" aria-hidden=\"true\" class=\"wp-block-spacer\"><\/div>\n\n\n\n<div style=\"height:100px\" aria-hidden=\"true\" class=\"wp-block-spacer\"><\/div>\n","protected":false},"excerpt":{"rendered":"<p>Kissen-Inletts Inletts (Kissen-F\u00fcllungen) : Sie haben die M\u00f6glichkeit, unsere Kissen-Unikate ohne Inlett zu bestellen. W\u00fcnschen [&#8230;] <a href=\"https:\/\/www.an-na-design.com\/webseite\/shop\/kissen-inletts\/\">weiterlesen<\/a><\/p>\n","protected":false},"author":1,"featured_media":0,"parent":7,"menu_order":0,"comment_status":"closed","ping_status":"closed","template":"page-blank.php","meta":{"footnotes":""},"class_list":["post-3588","page","type-page","status-publish","hentry"],"_links":{"self":[{"href":"https:\/\/www.an-na-design.com\/webseite\/wp-json\/wp\/v2\/pages\/3588","targetHints":{"allow":["GET"]}}],"collection":[{"href":"https:\/\/www.an-na-design.com\/webseite\/wp-json\/wp\/v2\/pages"}],"about":[{"href":"https:\/\/www.an-na-design.com\/webseite\/wp-json\/wp\/v2\/types\/page"}],"author":[{"embeddable":true,"href":"https:\/\/www.an-na-design.com\/webseite\/wp-json\/wp\/v2\/users\/1"}],"replies":[{"embeddable":true,"href":"https:\/\/www.an-na-design.com\/webseite\/wp-json\/wp\/v2\/comments?post=3588"}],"version-history":[{"count":1,"href":"https:\/\/www.an-na-design.com\/webseite\/wp-json\/wp\/v2\/pages\/3588\/revisions"}],"predecessor-version":[{"id":4588,"href":"https:\/\/www.an-na-design.com\/webseite\/wp-json\/wp\/v2\/pages\/3588\/revisions\/4588"}],"up":[{"embeddable":true,"href":"https:\/\/www.an-na-design.com\/webseite\/wp-json\/wp\/v2\/pages\/7"}],"wp:attachment":[{"href":"https:\/\/www.an-na-design.com\/webseite\/wp-json\/wp\/v2\/media?parent=3588"}],"curies":[{"name":"wp","href":"https:\/\/api.w.org\/{rel}","templated":true}]}}