{"id":20,"date":"2020-01-13T15:13:40","date_gmt":"2020-01-13T14:13:40","guid":{"rendered":"http:\/\/localhost:8888\/webseite\/allgemeine_geschaeftsbedingungen\/"},"modified":"2024-08-23T16:12:57","modified_gmt":"2024-08-23T14:12:57","slug":"allgemeine_geschaeftsbedingungen","status":"publish","type":"page","link":"https:\/\/www.an-na-design.com\/webseite\/allgemeine_geschaeftsbedingungen\/","title":{"rendered":"Allgemeine Gesch\u00e4ftsbedingungen"},"content":{"rendered":"\n<p><strong>Allgemeine Gesch\u00e4ftsbedingungen mit Kundeninformationen<\/strong><\/p>\n\n\n\n<p>(Die nachstehenden AGB enthalten zugleich gesetzliche Informationen zu Ihren Rechten nach den Vorschriften \u00fcber Vertr\u00e4ge im Fernabsatz und im elektronischen Gesch\u00e4ftsverkehr.)<\/p>\n\n\n\n<p>Allgemeine Gesch\u00e4ftsbedingungen (AGB) der Firma AN-NA Design f\u00fcr den Online-Shop.<\/p>\n\n\n\n<p><strong>1. Geltungsbereich<\/strong><br><strong> 2. Angebote und Leistungsbeschreibungen<\/strong><br><strong> 3. Bestellvorgang und Vertragsabschluss<\/strong><br><strong> 4. Preise und Versandkosten<\/strong><br><strong> 5. Lieferung, Warenverf\u00fcgbarkeit<\/strong><br><strong> 6. Zahlungsmodalit\u00e4ten<\/strong><br><strong> 7. Eigentumsvorbehalt<\/strong><br><strong> 8. Sachm\u00e4ngelgew\u00e4hrleistung und Garantie<\/strong><br><strong> 9. Haftung<\/strong><br><strong> 10. Speicherung des Vertragstextes<\/strong><br><strong> 11. Datenschutz<\/strong><br><strong> 12. Gerichtsstand, Anwendbares Recht, Vertragssprache<\/strong><\/p>\n\n\n\n<p><em><strong>1. Geltungsbereich<\/strong><\/em><br>1.1. F\u00fcr die Gesch\u00e4ftsbeziehung zwischen AN-NA Design, Obere Hardt 3, 53783 Eitorf (nachfolgend \u201eAnbieter\u201c) und seinen Kunden gelten ausschlie\u00dflich die folgenden Allgemeinen Gesch\u00e4ftsbedingungen in der jeweiligen Fassung zum Zeitpunkt der Bestellung.<br>1.2. Verbraucher im Sinne dieser AGB ist jede nat\u00fcrliche Person, die ein Rechtsgesch\u00e4ft zu einem Zwecke abschlie\u00dft, der \u00fcberwiegend weder ihrer gewerblichen noch ihrer selbstst\u00e4ndigen beruflichen T\u00e4tigkeit zugerechnet werden kann (\u00a7 13 BGB).<br>1.4. Abweichende Bedingungen des Kunden werden nicht anerkannt, es sei denn, der Verk\u00e4ufer stimmt ihrer Geltung ausdr\u00fccklich zu.<\/p>\n\n\n\n<p><strong><em>2. Angebote und Leistungsbeschreibungen<\/em><\/strong><br>2.1. Die Darstellung der Produkte im Online-Shop stellt kein rechtlich bindendes Angebot, sondern eine Aufforderung zur Abgabe einer Bestellung dar. Leistungsbeschreibungen in Katalogen sowie auf den Websites des Verk\u00e4ufers haben nicht den Charakter einer Zusicherung oder Garantie.<br>2.2. Alle Angebote gelten \u201esolange der Vorrat reicht\u201c, wenn nicht bei den Produkten etwas anderes vermerkt ist. Im \u00dcbrigen bleiben Irrt\u00fcmer vorbehalten.<\/p>\n\n\n\n<p><strong><em>3. Bestellvorgang und Vertragsabschluss<\/em><\/strong><br>3.1. Der Kunde kann aus dem Sortiment des Verk\u00e4ufers Produkte unverbindlich ausw\u00e4hlen und diese \u00fcber die Schaltfl\u00e4che [in den Warenkorb] in einem so genannten Warenkorb sammeln. Anschlie\u00dfend kann der Kunde innerhalb des Warenkorbs \u00fcber die Schaltfl\u00e4che [Weiter zur Kasse] zum Abschluss des Bestellvorgangs schreiten.<br>3.2. \u00dcber die Schaltfl\u00e4che [Kaufen] gibt der Kunde einen verbindlichen Antrag zum Kauf der im Warenkorb befindlichen Waren ab. Vor Abschicken der Bestellung kann der Kunde die Daten jederzeit \u00e4ndern und einsehen. Notwendige Angaben sind mit einem Sternchen (*) gekennzeichnet.<br>3.3. Der Verk\u00e4ufer schickt daraufhin dem Kunden eine automatische Empfangsbest\u00e4tigung per E-Mail zu, in welcher die Bestellung des Kunden nochmals aufgef\u00fchrt wird und die der Kunde \u00fcber die Funktion \u201eDrucken\u201c ausdrucken kann (Bestellbest\u00e4tigung). Die automatische Empfangsbest\u00e4tigung dokumentiert lediglich, dass die Bestellung des Kunden beim Verk\u00e4ufer eingegangen ist und stellt keine Annahme des Antrags dar. Die Erkl\u00e4rung der Annahme des Vertragsangebotes erfolgt durch die Auslieferung der Ware oder eine ausdr\u00fcckliche Annahmeerkl\u00e4rung.<br>3.4. Sollte der Verk\u00e4ufer eine Vorkassezahlung erm\u00f6glichen, kommt der Vertrag mit der Bereitstellung der Bankdaten und Zahlungsaufforderung zustande. Wenn die Zahlung trotz F\u00e4lligkeit auch nach erneuter Aufforderung nicht bis zu einem Zeitpunkt von 10 Kalendertagen nach Absendung der Bestellbest\u00e4tigung beim Verk\u00e4ufer eingegangen ist, tritt der Verk\u00e4ufer vom Vertrag zur\u00fcck mit der Folge, dass die Bestellung hinf\u00e4llig ist und den Verk\u00e4ufer keine Lieferpflicht trifft. Die Bestellung ist dann f\u00fcr den K\u00e4ufer und Verk\u00e4ufer ohne weitere Folgen erledigt. Eine Reservierung des Artikels bei Vorkassezahlungen erfolgt daher l\u00e4ngstens f\u00fcr 10 Kalendertage.<\/p>\n\n\n\n<p><strong><em>4. Preise und Versandkosten<\/em><\/strong><br>4.1. Alle Preise, die auf der Website des Verk\u00e4ufers angegeben sind, verstehen sich einschlie\u00dflich der jeweils g\u00fcltigen gesetzlichen Umsatzsteuer.<br>4.2. Zus\u00e4tzlich zu den angegebenen Preisen berechnet der Verk\u00e4ufer f\u00fcr die Lieferung Versandkosten. Die Versandkosten werden dem K\u00e4ufer auf einer gesonderten Informationsseite und im Rahmen des Bestellvorgangs deutlich mitgeteilt.<\/p>\n\n\n\n<p><em><strong>5. Lieferung, Warenverf\u00fcgbarkeit<\/strong><br><\/em>5.1 Die Lieferung erfolgt grunds\u00e4tzlich durch einen vom Anbieter ausgew\u00e4hlten Versanddienstleister\/Spediteur.<br>5.2. Soweit Vorkasse vereinbart ist, erfolgt die Lieferung nach Eingang des Rechnungsbetrages.<br>5.3. Sollten nicht alle bestellten Produkte vorr\u00e4tig sein, ist der Verk\u00e4ufer zu Teillieferungen auf seine Kosten berechtigt, soweit dies f\u00fcr den Kunden zumutbar ist.<br>5.4. Sollte die Zustellung der Ware durch Verschulden des K\u00e4ufers trotz dreimaligem Auslieferversuchs scheitern, kann der Verk\u00e4ufer vom Vertrag zur\u00fccktreten. Ggf. geleistete Zahlungen werden dem Kunden unverz\u00fcglich erstattet.<br>5.5. Wenn das bestellte Produkt nicht verf\u00fcgbar ist, weil der Verk\u00e4ufer mit diesem Produkt von seinem Lieferanten ohne eigenes Verschulden nicht beliefert wird, kann der Verk\u00e4ufer vom Vertrag zur\u00fccktreten. In diesem Fall wird der Verk\u00e4ufer den Kunden unverz\u00fcglich informieren und Ihnen ggf. die Lieferung eines vergleichbaren Produktes vorschlagen. Wenn kein vergleichbares Produkt verf\u00fcgbar ist oder der Kunde keine Lieferung eines vergleichbaren Produktes w\u00fcnscht, wird der Verk\u00e4ufer dem Kunden ggf. bereits erbrachte Gegenleistungen unverz\u00fcglich erstatten.<\/p>\n\n\n\n<p>5.6. Kunden werden \u00fcber Lieferzeiten auf einer gesonderten Informationsseite oder innerhalb der jeweiligen Produktbeschreibung unterrichtet.<br>Falls zwischen dem Anbieter und dem Kunden gesondert eine Lieferung in ein anderes Land als Deutschland oder den auf der Seite &#8222;Versand und Lieferung&#8220; genannten L\u00e4nder\/Zonen der EU vereinbart wird, gelten eventuell Lieferbeschr\u00e4nkungen (z.B. Beschr\u00e4nkung der Lieferungen auf bestimmten L\u00e4nder), sowie abweichende, l\u00e4ngere Lieferzeiten und h\u00f6here Versandgeb\u00fchren. Angaben f\u00fcr die abweichenden Lieferzeiten sowie Zuschl\u00e4ge zu den Versandgeb\u00fchren werden dem Kunden individuell per Email mitgeteilt.<br>5.7 Unsere Produkte haben unterschiedliche Lieferzeiten. \u00dcber die jeweiligen Lieferzeiten werden Sie w\u00e4hrend des Bestellvorgangs informiert sowie in den Produktbeschreibungen. <\/p>\n\n\n\n<p><strong><em>6. Zahlungsmodalit\u00e4ten<\/em><\/strong><br>6.1. Der Kunde kann im Rahmen und vor Abschluss des Bestellvorgangs aus den zur Verf\u00fcgung stehenden Zahlungsarten w\u00e4hlen. Kunden werden \u00fcber die zur Verf\u00fcgung stehenden Zahlungsmittel im Rahmen des Bestellvorgangs unterrichtet, zus\u00e4tzlich sind diese auf einer gesonderten Seite im Online-Shop hinterlegt.<br>6.2. Ist die Bezahlung per Rechnung m\u00f6glich, hat die Zahlung innerhalb von 30 Tagen nach Erhalt der Ware und der Rechnung zu erfolgen. Bei allen anderen Zahlweisen hat die Zahlung im Voraus ohne Abzug zu erfolgen.<br>6.3. Werden Drittanbieter mit der Zahlungsabwicklung beauftragt, z.B. Paypal. gelten deren Allgemeine Gesch\u00e4ftsbedingungen.<br>6.4. Ist die F\u00e4lligkeit der Zahlung nach dem Kalender bestimmt, so kommt der Kunde bereits durch Vers\u00e4umung des Termins in Verzug. In diesem Fall hat der Kunde die gesetzlichen Verzugszinsen zu zahlen.<br>6.5. Die Verpflichtung des Kunden zur Zahlung von Verzugszinsen schlie\u00dft die Geltendmachung weiterer Verzugssch\u00e4den durch den Verk\u00e4ufer nicht aus.<br>6.6. Ein Recht zur Aufrechnung steht dem Kunden nur zu, wenn seine Gegenanspr\u00fcche rechtskr\u00e4ftig festgestellt oder von dem Verk\u00e4ufer anerkannt sind. Der Kunde kann ein Zur\u00fcckbehaltungsrecht nur aus\u00fcben, soweit die Anspr\u00fcche aus dem gleichen Vertragsverh\u00e4ltnis resultieren.<\/p>\n\n\n\n<p><strong><em>7. Eigentumsvorbehalt<\/em><\/strong><br>Bis zur vollst\u00e4ndigen Bezahlung verbleiben die gelieferten Waren im Eigentum des Verk\u00e4ufers.<\/p>\n\n\n\n<p><strong><em>8. Sachm\u00e4ngelgew\u00e4hrleistung und Garantie<\/em><\/strong><br>8.1. Die Gew\u00e4hrleistung bestimmt sich nach gesetzlichen Vorschriften.<br>8.2. Eine Garantie wird von dem Anbieter nicht erkl\u00e4rt.<br>8.3. M\u00e4ngelanspr\u00fcche bestehen nicht, wenn die gelieferte Ware nur unerhebliche Abweichungen von der verkehrs\u00fcblichen Beschaffenheit aufweist, wie etwa bei Textilien eine geringf\u00fcgige Abweichungen im Farbton oder Unregelm\u00e4\u00dfigkeiten in der Struktur von Stoffen, Kordel oder Kn\u00f6pfen. Unregelm\u00e4\u00dfigkeiten in der Struktur von Stoffen, Kordel oder Kn\u00f6pfen k\u00f6nnen beabsichtigt sein und sie k\u00f6nnen einen wichtigen Bestandteil des Charakters der gelieferten Ware darstellen.<br>8.4. M\u00e4ngelanspr\u00fcche bestehen auch nicht bei geringen farblichen Abweichungen der gelieferten Ware im Gegensatz zu der Darstellung im Online-Shop.<br>Au\u00dferdem liegt kein Mangel vor, wenn die Ware durch den Kunden oder einen Dritten Ver\u00e4nderungen erf\u00e4hrt, z.B. durch Waschen, Reinigen oder sonstige Bearbeitung oder M\u00e4ngel auftreten durch das kundenseitige Einf\u00fcgen eines Inletts.<br>Wenn ein Mangel an der vom Anbieter gelieferten Ware festgestellt und dem Anbieter mitgeteilt wurde, ist der Anbieter nach eigener Wahl zur Lieferung einer mangelfreien gleichen Sache berechtigt, dies erfolgt nach Absprache mit dem K\u00e4ufer, der sich einen gleichwertigen anderen Artikel aus dem im Online-Shop des Anbieters dargestellten Angebot innerhalb der vom Anbieter zuvor per E-Mail gesetzten Frist aussuchen kann. Im Fall der Nacherf\u00fcllung tr\u00e4gt der Anbieter alle zum Zweck der Nacherf\u00fcllung erforderlichen Aufwendungen (Transport, Verpackung, Materialkosten u. a.) bis zur H\u00f6he des Preises der mangelhaften Ware.<br>8.5. Die Verj\u00e4hrungsfrist f\u00fcr Gew\u00e4hrleistungsanspr\u00fcche des Kunden betr\u00e4gt bei Verbrauchern bei neu hergestellten Sachen 2 Jahre. Gegen\u00fcber Unternehmern betr\u00e4gt die Verj\u00e4hrungsfrist bei neu hergestellten Sachen 1 Jahr. Die vorstehende Verk\u00fcrzung der Verj\u00e4hrungsfristen gilt nicht f\u00fcr Schadensersatzanspr\u00fcche des Kunden aufgrund einer Verletzung des Lebens, des K\u00f6rpers, der Gesundheit sowie f\u00fcr Schadensersatzanspr\u00fcche aufgrund einer Verletzung wesentlicher Vertragspflichten. Wesentliche Vertragspflichten sind solche, deren Erf\u00fcllung zur Erreichung des Ziels des Vertrags notwendig ist, z.B. hat der Anbieter dem Kunden die Sache frei von Sach- und Rechtsm\u00e4ngeln zu \u00fcbergeben und das Eigentum an ihr zu verschaffen. Die vorstehende Verk\u00fcrzung der Verj\u00e4hrungsfristen gilt ebenfalls nicht f\u00fcr Schadensersatzanspr\u00fcche, die auf einer vors\u00e4tzlichen oder grob fahrl\u00e4ssigen Pflichtverletzung des Anbieters, seiner gesetzlichen Vertreter oder Erf\u00fcllungsgehilfen beruhen. Gegen\u00fcber Unternehmern ebenfalls ausgenommen von der Verk\u00fcrzung der Verj\u00e4hrungsfristen ist der R\u00fcckgriffsanspruch nach \u00a7 478 BGB.<\/p>\n\n\n\n<p><strong><em>9. Haftung<\/em><\/strong><br>9.1. Schadensersatzanspr\u00fcche des Kunden sind ausgeschlossen, soweit vorstehend und nachfolgend nichts anderes bestimmt ist. Der Haftungsausschluss gilt auch zugunsten der gesetzlichen Vertreter und Erf\u00fcllungsgehilfen des Anbieters, sofern der Kunde Anspr\u00fcche gegen diese geltend macht.<br>9.2. Von dem unter Ziffer 1 bestimmten Haftungsausschluss ausgenommen sind Schadensersatzanspr\u00fcche aufgrund einer Verletzung des Lebens, des K\u00f6rpers, der Gesundheit und Schadensersatzanspr\u00fcche aus der Verletzung wesentlicher Vertragspflichten. Wesentliche Vertragspflichten sind solche, deren Erf\u00fcllung zur Erreichung des Ziels des Vertrags notwendig ist, z.B. hat der Anbieter dem Kunden die Sache frei von Sach- und Rechtsm\u00e4ngeln zu \u00fcbergeben und das Eigentum an ihr zu verschaffen. Von dem Haftungsausschluss ebenfalls ausgenommen ist die Haftung f\u00fcr Sch\u00e4den, die auf einer vors\u00e4tzlichen oder grob fahrl\u00e4ssigen Pflichtverletzung des Anbieters, seiner gesetzlichen Vertreter oder Erf\u00fcllungsgehilfen beruhen.<br>9.3. Vorschriften des Produkthaftungsgesetzes (ProdHaftG) bleiben unber\u00fchrt.<br>9.4. Soweit die Haftung des Verk\u00e4ufers ausgeschlossen oder beschr\u00e4nkt ist, gilt dies auch f\u00fcr die pers\u00f6nliche Haftung von Arbeitnehmern, Vertretern und Erf\u00fcllungsgehilfen.<\/p>\n\n\n\n<p><em><strong>10. Abtretungs- und Verpf\u00e4ndungsverbot<\/strong><br><\/em>10.1. Die Abtretung oder Verpf\u00e4ndung von dem Kunden gegen\u00fcber dem Anbieter zustehenden Anspr\u00fcchen oder Rechten ist ohne Zustimmung des Anbieters ausgeschlossen, sofern der Kunde nicht ein berechtigtes Interesse an der Abtretung oder Verpf\u00e4ndung nachweist.<\/p>\n\n\n\n<p><strong><em>10. Speicherung des Vertragstextes<\/em><\/strong><br>10.1. Der Kunde kann den Vertragstext vor der Abgabe der Bestellung an den Verk\u00e4ufer ausdrucken, indem er im letzten Schritt der Bestellung die Druckfunktion seines Browsers nutzt.<br>10.2. Der Verk\u00e4ufer sendet dem Kunden au\u00dferdem eine Bestellbest\u00e4tigung mit allen Bestelldaten an die von Ihm angegebene E-Mail-Adresse zu. Mit der Bestellbest\u00e4tigung erh\u00e4lt der Kunde ferner eine Kopie der AGB nebst Widerrufsbelehrung und den Hinweisen zu Versandkosten sowie Liefer- und Zahlungsbedingungen. Sofern Sie sich in unserem Shop registriert haben sollten, k\u00f6nnen Sie in Ihrem Profilbereich Ihre aufgegebenen Bestellungen einsehen. Dar\u00fcber hinaus speichern wir den Vertragstext, machen ihn jedoch im Internet nicht zug\u00e4nglich.<\/p>\n\n\n\n<p><strong><em>11. Datenschutz<\/em><\/strong><br>11.1. Der Verk\u00e4ufer verarbeitet personenbezogene Daten des Kunden zweckgebunden und gem\u00e4\u00df den gesetzlichen Bestimmungen.<br>11.2. Die zum Zwecke der Bestellung von Waren angegebenen pers\u00f6nlichen Daten (wie zum Beispiel Name, E-Mail-Adresse, Anschrift, Zahlungsdaten) werden vom Verk\u00e4ufer zur Erf\u00fcllung und Abwicklung des Vertrags verwendet. Diese Daten werden vertraulich behandelt und nicht an Dritte weitergegeben, die nicht am Bestell-, Auslieferungs- und Zahlungsvorgang beteiligt sind.<br>11.3. Der Kunde hat das Recht, auf Antrag unentgeltlich Auskunft zu erhalten \u00fcber die personenbezogenen Daten, die vom Verk\u00e4ufer \u00fcber ihn gespeichert wurden. Zus\u00e4tzlich hat er das Recht auf Berichtigung unrichtiger Daten, Sperrung und L\u00f6schung seiner personenbezogenen Daten, soweit keine gesetzliche Aufbewahrungspflicht entgegensteht.<br>11.4. Weitere Informationen \u00fcber Art, Umfang, Ort und Zweck der Erhebung, Verarbeitung und Nutzung der erforderlichen personenbezogenen Daten durch den Verk\u00e4ufer finden sich in der Datenschutzerkl\u00e4rung.<\/p>\n\n\n\n<p><strong><em>12. Gerichtsstand, Anwendbares Recht, Vertragssprache<\/em><\/strong><br>12.1. Gerichtsstand und Erf\u00fcllungsort ist der Sitz des Verk\u00e4ufers, wenn der Kunde Kaufmann, juristische Person des \u00f6ffentlichen Rechts oder \u00f6ffentlich-rechtliches Sonderverm\u00f6gen ist.<br>12.2. Vertragssprache ist deutsch.<br>12.3. Auf die vertraglichen Beziehungen zwischen dem Anbieter und dem Kunden findet das Recht der Bundesrepublik Deutschland Anwendung. Von dieser Rechtswahl ausgenommen sind die zwingenden Verbraucherschutzvorschriften des Landes, in dem der Kunde seinen gew\u00f6hnlichen Aufenthalt hat. Die Anwendung des UN-Kaufrechts ist ausgeschlossen. Wir sind nicht bereit und nicht verpflichtet an einem Streitbeilegungsverfahren vor einer Verbraucherschlichtungsstelle teilzunehmen.<\/p>\n\n\n\n<p><\/p>\n","protected":false},"excerpt":{"rendered":"<p>Allgemeine Gesch\u00e4ftsbedingungen mit Kundeninformationen (Die nachstehenden AGB enthalten zugleich gesetzliche Informationen zu Ihren Rechten nach den Vorschriften \u00fcber Vertr\u00e4ge im Fernabsatz und im elektronischen Gesch\u00e4ftsverkehr.) Allgemeine Gesch\u00e4ftsbedingungen (AGB) der Firma AN-NA Design f\u00fcr den Online-Shop. 1. Geltungsbereich 2. Angebote und Leistungsbeschreibungen 3. Bestellvorgang und Vertragsabschluss 4. Preise und Versandkosten 5. Lieferung, Warenverf\u00fcgbarkeit 6. Zahlungsmodalit\u00e4ten 7. [&#8230;] <a href=\"https:\/\/www.an-na-design.com\/webseite\/allgemeine_geschaeftsbedingungen\/\">weiterlesen<\/a><\/p>\n","protected":false},"author":1,"featured_media":0,"parent":0,"menu_order":0,"comment_status":"closed","ping_status":"closed","template":"","meta":{"footnotes":""},"class_list":["post-20","page","type-page","status-publish","hentry"],"_links":{"self":[{"href":"https:\/\/www.an-na-design.com\/webseite\/wp-json\/wp\/v2\/pages\/20","targetHints":{"allow":["GET"]}}],"collection":[{"href":"https:\/\/www.an-na-design.com\/webseite\/wp-json\/wp\/v2\/pages"}],"about":[{"href":"https:\/\/www.an-na-design.com\/webseite\/wp-json\/wp\/v2\/types\/page"}],"author":[{"embeddable":true,"href":"https:\/\/www.an-na-design.com\/webseite\/wp-json\/wp\/v2\/users\/1"}],"replies":[{"embeddable":true,"href":"https:\/\/www.an-na-design.com\/webseite\/wp-json\/wp\/v2\/comments?post=20"}],"version-history":[{"count":2,"href":"https:\/\/www.an-na-design.com\/webseite\/wp-json\/wp\/v2\/pages\/20\/revisions"}],"predecessor-version":[{"id":6276,"href":"https:\/\/www.an-na-design.com\/webseite\/wp-json\/wp\/v2\/pages\/20\/revisions\/6276"}],"wp:attachment":[{"href":"https:\/\/www.an-na-design.com\/webseite\/wp-json\/wp\/v2\/media?parent=20"}],"curies":[{"name":"wp","href":"https:\/\/api.w.org\/{rel}","templated":true}]}}