{"id":14,"date":"2020-01-13T15:13:40","date_gmt":"2020-01-13T14:13:40","guid":{"rendered":"http:\/\/localhost:8888\/webseite\/versand__lieferung\/"},"modified":"2025-08-01T20:55:56","modified_gmt":"2025-08-01T18:55:56","slug":"versand__lieferung","status":"publish","type":"page","link":"https:\/\/www.an-na-design.com\/webseite\/versand__lieferung\/","title":{"rendered":"Versand &#038; Lieferung"},"content":{"rendered":"\n<p><strong>Kostenloser Versand f\u00fcr Bestellungen ab 69 \u20ac innerdeutsch und ab 89,00 \u20ac EU-weit<\/strong>, <strong>sowie f\u00fcr Gutscheine.<\/strong><\/p>\n\n\n\n<h2 class=\"wp-block-heading has-medium-font-size\"><strong>In diese L\u00e4nder ist eine Lieferung m\u00f6glich:<\/strong><\/h2>\n\n\n\n<figure class=\"wp-block-image size-full is-resized is-style-default\"><img loading=\"lazy\" decoding=\"async\" width=\"763\" height=\"612\" src=\"https:\/\/www.an-na-design.com\/webseite\/wp-content\/uploads\/2023\/10\/meine-EU-Laender.jpg\" alt=\"\" class=\"wp-image-5127\" style=\"width:1315px;height:auto\" srcset=\"https:\/\/www.an-na-design.com\/webseite\/wp-content\/uploads\/2023\/10\/meine-EU-Laender.jpg 763w, https:\/\/www.an-na-design.com\/webseite\/wp-content\/uploads\/2023\/10\/meine-EU-Laender-300x241.jpg 300w, https:\/\/www.an-na-design.com\/webseite\/wp-content\/uploads\/2023\/10\/meine-EU-Laender-337x270.jpg 337w\" sizes=\"auto, (max-width: 763px) 100vw, 763px\" \/><\/figure>\n\n\n<p><strong>Preise, Versandkosten und Lieferinformationen<\/strong><\/p>\n<p>Die auf den Produktseiten genannten Preise f\u00fcr die Produkte enthalten die gesetzliche Mehrwertsteuer des Landes, in das geliefert werden soll und sonstige Preisbestandteile.<\/p>\n<p><strong>F\u00fcr folgende Bestellwerte bzw. Produkte ist die Lieferung kostenfrei:<\/strong><\/p>\n<ul>\n<li><strong>Innerdeutsch f\u00fcr Bestellungen ab 69 \u20ac<br \/><\/strong><\/li>\n<li><strong>EU-weit f\u00fcr Bestellungen ab 89,00 \u20ac<\/strong><\/li>\n<li><strong>F\u00fcr Geschenk-Gutscheine, auch bei gew\u00fcnschter Lieferung per Post<\/strong><\/li>\n<\/ul>\n<p>Zus\u00e4tzlich zu den angegebenen Preisen f\u00fcr die Produkte berechnen wir f\u00fcr die Lieferung innerhalb Deutschlands pauschal 6,90 Euro pro Bestellung. F\u00fcr Lieferungen in die oben aufgef\u00fchrten L\u00e4nder\/Zonen der EU berechnen wir pauschal 14,50 Euro pro Bestellung. Die Versandkosten werden Ihnen im Warenkorbsystem und auf der Bestellseite nochmals deutlich mitgeteilt.<\/p>\n<p>Die Versandkostenpauschale enth\u00e4lt die gesetzliche Mehrwertsteuer des Landes, in das geliefert wird. Da die Mehrwertsteuer auf die Versandkostenpauschale abh\u00e4ngig von den erworbenen Waren berechnet wird, kann sie sich mindern, wenn Waren zu niedrigeren Umsatzsteuers\u00e4tzen erworben werden (z.B. bei Erwerb von B\u00fcchern). Das bedeutet, dass die Versandkostenpauschale erst im Rahmen des Bestellprozesses endg\u00fcltig berechnet werden kann. Sie kann dabei jedoch nicht h\u00f6her, sondern nur zu Ihren Gunsten niedriger werden.<\/p>\n<p><strong>Unsere Lieferzeiten sind je nach Produktart unterschiedlich. Sie unterscheiden sich auch, je nachdem ob eine Lieferung innerhalb von Deutschland erfolgt oder in eines der oben aufgef\u00fchrten EU-L\u00e4nder. Die jeweiligen Lieferzeiten werden in der Produktbeschreibung und im Warenkorb angegeben.<\/strong><\/p>","protected":false},"excerpt":{"rendered":"<p>Kostenloser Versand f\u00fcr Bestellungen ab 69 \u20ac innerdeutsch und ab 89,00 \u20ac EU-weit, sowie f\u00fcr Gutscheine. In diese L\u00e4nder ist eine Lieferung m\u00f6glich: Preise, Versandkosten und Lieferinformationen Die auf den Produktseiten genannten Preise f\u00fcr die Produkte enthalten die gesetzliche Mehrwertsteuer des Landes, in das geliefert werden soll und sonstige Preisbestandteile. F\u00fcr folgende Bestellwerte bzw. Produkte [&#8230;] <a href=\"https:\/\/www.an-na-design.com\/webseite\/versand__lieferung\/\">weiterlesen<\/a><\/p>\n","protected":false},"author":1,"featured_media":0,"parent":0,"menu_order":0,"comment_status":"closed","ping_status":"closed","template":"","meta":{"footnotes":""},"class_list":["post-14","page","type-page","status-publish","hentry"],"_links":{"self":[{"href":"https:\/\/www.an-na-design.com\/webseite\/wp-json\/wp\/v2\/pages\/14","targetHints":{"allow":["GET"]}}],"collection":[{"href":"https:\/\/www.an-na-design.com\/webseite\/wp-json\/wp\/v2\/pages"}],"about":[{"href":"https:\/\/www.an-na-design.com\/webseite\/wp-json\/wp\/v2\/types\/page"}],"author":[{"embeddable":true,"href":"https:\/\/www.an-na-design.com\/webseite\/wp-json\/wp\/v2\/users\/1"}],"replies":[{"embeddable":true,"href":"https:\/\/www.an-na-design.com\/webseite\/wp-json\/wp\/v2\/comments?post=14"}],"version-history":[{"count":3,"href":"https:\/\/www.an-na-design.com\/webseite\/wp-json\/wp\/v2\/pages\/14\/revisions"}],"predecessor-version":[{"id":6544,"href":"https:\/\/www.an-na-design.com\/webseite\/wp-json\/wp\/v2\/pages\/14\/revisions\/6544"}],"wp:attachment":[{"href":"https:\/\/www.an-na-design.com\/webseite\/wp-json\/wp\/v2\/media?parent=14"}],"curies":[{"name":"wp","href":"https:\/\/api.w.org\/{rel}","templated":true}]}}